{"id":6030,"date":"2025-11-25T15:04:35","date_gmt":"2025-11-25T14:04:35","guid":{"rendered":"https:\/\/www.frigo-parts.com\/?page_id=6030"},"modified":"2026-02-20T15:30:08","modified_gmt":"2026-02-20T14:30:08","slug":"nuestros-servicios","status":"publish","type":"page","link":"https:\/\/www.frigo-parts.com\/es\/nuestros-servicios\/","title":{"rendered":"Nuestros servicios"},"content":{"rendered":"<div data-elementor-type=\"wp-page\" data-elementor-id=\"6030\" class=\"elementor elementor-6030\" data-elementor-post-type=\"page\">\n\t\t\t\t<div class=\"elementor-element elementor-element-4bc9336 e-flex e-con-boxed e-con e-parent\" data-id=\"4bc9336\" data-element_type=\"container\">\n\t\t\t\t\t<div class=\"e-con-inner\">\n\t\t\t\t<div class=\"elementor-element elementor-element-c91004c elementor-widget elementor-widget-text-editor\" data-id=\"c91004c\" data-element_type=\"widget\" data-widget_type=\"text-editor.default\">\n\t\t\t\t\t\t\t\t\t<p class=\"my-2 [&amp;+p]:mt-4 [&amp;_strong:has(+br)]:inline-block [&amp;_strong:has(+br)]:pb-2\"><strong>PIEZAS FRIGO<\/strong>\u00a0acompa\u00f1a a sus clientes desde la selecci\u00f3n hasta la puesta en servicio, con una experiencia reconocida y un servicio posventa dedicado a todas las operaciones relacionadas con el fr\u00edo industrial y el transporte a temperatura controlada.<\/p><p class=\"my-2 [&amp;+p]:mt-4 [&amp;_strong:has(+br)]:inline-block [&amp;_strong:has(+br)]:pb-2\">Si desea un presupuesto, asesoramiento o servicio, p\u00f3ngase en contacto con nuestro equipo de especialistas en unidades de refrigeraci\u00f3n.<\/p>\t\t\t\t\t\t\t\t<\/div>\n\t\t\t\t<div class=\"elementor-element elementor-element-70defa1 elementor-widget elementor-widget-text-editor\" data-id=\"70defa1\" data-element_type=\"widget\" data-widget_type=\"text-editor.default\">\n\t\t\t\t\t\t\t\t\t<p><strong>PIEZAS FRIGO<\/strong>, SAROUL SAS ofrece una gama completa de servicios y soluciones para unidades frigor\u00edficas de transporte, dise\u00f1ada para profesionales de la refrigeraci\u00f3n, transportistas, logistas y t\u00e9cnicos de mantenimiento.<\/p>\t\t\t\t\t\t\t\t<\/div>\n\t\t\t\t\t<\/div>\n\t\t\t\t<\/div>\n\t\t\t\t<section class=\"elementor-section elementor-top-section elementor-element elementor-element-3d88579 elementor-section-boxed elementor-section-height-default elementor-section-height-default\" data-id=\"3d88579\" data-element_type=\"section\">\n\t\t\t\t\t\t<div class=\"elementor-container elementor-column-gap-default\">\n\t\t\t\t\t<div class=\"elementor-column elementor-col-50 elementor-top-column elementor-element elementor-element-96bd522\" data-id=\"96bd522\" data-element_type=\"column\">\n\t\t\t<div class=\"elementor-widget-wrap elementor-element-populated\">\n\t\t\t\t\t\t<div class=\"elementor-element elementor-element-3d5eba3 elementor-widget elementor-widget-heading\" data-id=\"3d5eba3\" data-element_type=\"widget\" data-widget_type=\"heading.default\">\n\t\t\t\t\t<h1 class=\"elementor-heading-title elementor-size-default\">Instalaci\u00f3n de unidades de refrigeraci\u00f3n<\/h1>\t\t\t\t<\/div>\n\t\t\t\t<div class=\"elementor-element elementor-element-4585bdb elementor-widget elementor-widget-text-editor\" data-id=\"4585bdb\" data-element_type=\"widget\" data-widget_type=\"text-editor.default\">\n\t\t\t\t\t\t\t\t\t<ul class=\"marker:text-quiet list-disc\"><li class=\"py-0 my-0 prose-p:pt-0 prose-p:mb-2 prose-p:my-0 [&amp;&gt;p]:pt-0 [&amp;&gt;p]:mb-2 [&amp;&gt;p]:my-0\"><p class=\"my-2 [&amp;+p]:mt-4 [&amp;_strong:has(+br)]:inline-block [&amp;_strong:has(+br)]:pb-2\">Instalaci\u00f3n completa o sustituci\u00f3n de unidades de refrigeraci\u00f3n en veh\u00edculos de transporte.<\/p><\/li><li class=\"py-0 my-0 prose-p:pt-0 prose-p:mb-2 prose-p:my-0 [&amp;&gt;p]:pt-0 [&amp;&gt;p]:mb-2 [&amp;&gt;p]:my-0\"><p class=\"my-2 [&amp;+p]:mt-4 [&amp;_strong:has(+br)]:inline-block [&amp;_strong:has(+br)]:pb-2\">Equipo t\u00e9cnico cualificado, in situ o en talleres asociados: instalaci\u00f3n, conexi\u00f3n, configuraci\u00f3n y puesta en servicio seg\u00fan las referencias m\u00e1s recientes.<\/p><\/li><li class=\"py-0 my-0 prose-p:pt-0 prose-p:mb-2 prose-p:my-0 [&amp;&gt;p]:pt-0 [&amp;&gt;p]:mb-2 [&amp;&gt;p]:my-0\"><p class=\"my-2 [&amp;+p]:mt-4 [&amp;_strong:has(+br)]:inline-block [&amp;_strong:has(+br)]:pb-2\">Soluciones a medida para todas las marcas del sector: instalaci\u00f3n de unidades nuevas, retrofits, adaptaci\u00f3n a los requisitos reglamentarios (ATP, HACCP, temperatura controlada).<\/p><\/li><\/ul>\t\t\t\t\t\t\t\t<\/div>\n\t\t\t\t\t<\/div>\n\t\t<\/div>\n\t\t\t\t<div class=\"elementor-column elementor-col-50 elementor-top-column elementor-element elementor-element-9f9816f\" data-id=\"9f9816f\" data-element_type=\"column\">\n\t\t\t<div class=\"elementor-widget-wrap elementor-element-populated\">\n\t\t\t\t\t\t<div class=\"elementor-element elementor-element-5a217ac elementor-widget elementor-widget-image\" data-id=\"5a217ac\" data-element_type=\"widget\" data-widget_type=\"image.default\">\n\t\t\t\t\t\t\t\t\t\t\t\t\t\t\t<img fetchpriority=\"high\" decoding=\"async\" width=\"1344\" height=\"768\" src=\"https:\/\/www.frigo-parts.com\/wp-content\/uploads\/2025\/11\/dd4f1d32-7faf-42d9-b30b-410cb524ef2b.png\" class=\"attachment-full size-full wp-image-6033\" alt=\"\" srcset=\"https:\/\/www.frigo-parts.com\/wp-content\/uploads\/2025\/11\/dd4f1d32-7faf-42d9-b30b-410cb524ef2b.png 1344w, https:\/\/www.frigo-parts.com\/wp-content\/uploads\/2025\/11\/dd4f1d32-7faf-42d9-b30b-410cb524ef2b-300x171.png 300w, https:\/\/www.frigo-parts.com\/wp-content\/uploads\/2025\/11\/dd4f1d32-7faf-42d9-b30b-410cb524ef2b-1024x585.png 1024w, https:\/\/www.frigo-parts.com\/wp-content\/uploads\/2025\/11\/dd4f1d32-7faf-42d9-b30b-410cb524ef2b-768x439.png 768w, https:\/\/www.frigo-parts.com\/wp-content\/uploads\/2025\/11\/dd4f1d32-7faf-42d9-b30b-410cb524ef2b-750x430.png 750w, https:\/\/www.frigo-parts.com\/wp-content\/uploads\/2025\/11\/dd4f1d32-7faf-42d9-b30b-410cb524ef2b-600x343.png 600w\" sizes=\"(max-width: 1344px) 100vw, 1344px\" \/>\t\t\t\t\t\t\t\t\t\t\t\t\t\t\t<\/div>\n\t\t\t\t\t<\/div>\n\t\t<\/div>\n\t\t\t\t\t<\/div>\n\t\t<\/section>\n\t\t\t\t<section class=\"elementor-section elementor-top-section elementor-element elementor-element-dde3094 elementor-reverse-mobile elementor-section-boxed elementor-section-height-default elementor-section-height-default\" data-id=\"dde3094\" data-element_type=\"section\">\n\t\t\t\t\t\t<div class=\"elementor-container elementor-column-gap-default\">\n\t\t\t\t\t<div class=\"elementor-column elementor-col-50 elementor-top-column elementor-element elementor-element-667c5d1\" data-id=\"667c5d1\" data-element_type=\"column\">\n\t\t\t<div class=\"elementor-widget-wrap elementor-element-populated\">\n\t\t\t\t\t\t<div class=\"elementor-element elementor-element-1a24cf2 elementor-widget elementor-widget-image\" data-id=\"1a24cf2\" data-element_type=\"widget\" data-widget_type=\"image.default\">\n\t\t\t\t\t\t\t\t\t\t\t\t\t\t\t<img decoding=\"async\" width=\"1920\" height=\"989\" src=\"https:\/\/www.frigo-parts.com\/wp-content\/uploads\/2025\/11\/vp_truck_v300-2.webp\" class=\"attachment-full size-full wp-image-6041\" alt=\"\" srcset=\"https:\/\/www.frigo-parts.com\/wp-content\/uploads\/2025\/11\/vp_truck_v300-2.webp 1920w, https:\/\/www.frigo-parts.com\/wp-content\/uploads\/2025\/11\/vp_truck_v300-2-300x155.webp 300w, https:\/\/www.frigo-parts.com\/wp-content\/uploads\/2025\/11\/vp_truck_v300-2-1024x527.webp 1024w, https:\/\/www.frigo-parts.com\/wp-content\/uploads\/2025\/11\/vp_truck_v300-2-768x396.webp 768w, https:\/\/www.frigo-parts.com\/wp-content\/uploads\/2025\/11\/vp_truck_v300-2-1536x791.webp 1536w, https:\/\/www.frigo-parts.com\/wp-content\/uploads\/2025\/11\/vp_truck_v300-2-600x309.webp 600w\" sizes=\"(max-width: 1920px) 100vw, 1920px\" \/>\t\t\t\t\t\t\t\t\t\t\t\t\t\t\t<\/div>\n\t\t\t\t\t<\/div>\n\t\t<\/div>\n\t\t\t\t<div class=\"elementor-column elementor-col-50 elementor-top-column elementor-element elementor-element-e6ae26b\" data-id=\"e6ae26b\" data-element_type=\"column\">\n\t\t\t<div class=\"elementor-widget-wrap elementor-element-populated\">\n\t\t\t\t\t\t<div class=\"elementor-element elementor-element-004b347 elementor-widget elementor-widget-heading\" data-id=\"004b347\" data-element_type=\"widget\" data-widget_type=\"heading.default\">\n\t\t\t\t\t<h1 class=\"elementor-heading-title elementor-size-default\">Mantenimiento, revisiones y reparaciones<\/h1>\t\t\t\t<\/div>\n\t\t\t\t<div class=\"elementor-element elementor-element-ea5f601 elementor-widget elementor-widget-text-editor\" data-id=\"ea5f601\" data-element_type=\"widget\" data-widget_type=\"text-editor.default\">\n\t\t\t\t\t\t\t\t\t<ul class=\"marker:text-quiet list-disc\"><li class=\"py-0 my-0 prose-p:pt-0 prose-p:mb-2 prose-p:my-0 [&amp;&gt;p]:pt-0 [&amp;&gt;p]:mb-2 [&amp;&gt;p]:my-0\"><p class=\"my-2 [&amp;+p]:mt-4 [&amp;_strong:has(+br)]:inline-block [&amp;_strong:has(+br)]:pb-2\">Diagn\u00f3stico, reparaci\u00f3n y mantenimiento preventivo de unidades de refrigeraci\u00f3n para garantizar su fiabilidad y prolongar su vida \u00fatil.<\/p><\/li><li class=\"py-0 my-0 prose-p:pt-0 prose-p:mb-2 prose-p:my-0 [&amp;&gt;p]:pt-0 [&amp;&gt;p]:mb-2 [&amp;&gt;p]:my-0\"><p class=\"my-2 [&amp;+p]:mt-4 [&amp;_strong:has(+br)]:inline-block [&amp;_strong:has(+br)]:pb-2\">Supervisi\u00f3n del rendimiento, control de la temperatura, gesti\u00f3n de alarmas y reparaci\u00f3n de compresores, bater\u00edas, unidades de control y sistemas de seguridad.<\/p><\/li><li class=\"py-0 my-0 prose-p:pt-0 prose-p:mb-2 prose-p:my-0 [&amp;&gt;p]:pt-0 [&amp;&gt;p]:mb-2 [&amp;&gt;p]:my-0\"><p class=\"my-2 [&amp;+p]:mt-4 [&amp;_strong:has(+br)]:inline-block [&amp;_strong:has(+br)]:pb-2\">Contratos de mantenimiento, seguimiento personalizado y asistencia t\u00e9cnica para todo tipo de flotas.<\/p><\/li><li class=\"py-0 my-0 prose-p:pt-0 prose-p:mb-2 prose-p:my-0 [&amp;&gt;p]:pt-0 [&amp;&gt;p]:mb-2 [&amp;&gt;p]:my-0\"><p class=\"my-2 [&amp;+p]:mt-4 [&amp;_strong:has(+br)]:inline-block [&amp;_strong:has(+br)]:pb-2\">Soluciones r\u00e1pidas para limitar el tiempo de inactividad: piezas disponibles con poca antelaci\u00f3n, asesoramiento remoto para la resoluci\u00f3n de problemas.<\/p><\/li><\/ul>\t\t\t\t\t\t\t\t<\/div>\n\t\t\t\t\t<\/div>\n\t\t<\/div>\n\t\t\t\t\t<\/div>\n\t\t<\/section>\n\t\t\t\t<section class=\"elementor-section elementor-top-section elementor-element elementor-element-843575a elementor-section-stretched elementor-section-boxed elementor-section-height-default elementor-section-height-default\" data-id=\"843575a\" data-element_type=\"section\" data-settings=\"{&quot;stretch_section&quot;:&quot;section-stretched&quot;,&quot;background_background&quot;:&quot;classic&quot;}\">\n\t\t\t\t\t\t<div class=\"elementor-container elementor-column-gap-default\">\n\t\t\t\t\t<div class=\"elementor-column elementor-col-33 elementor-top-column elementor-element elementor-element-af6dad3\" data-id=\"af6dad3\" data-element_type=\"column\">\n\t\t\t<div class=\"elementor-widget-wrap elementor-element-populated\">\n\t\t\t\t\t\t<div class=\"elementor-element elementor-element-b3598fe elementor-widget elementor-widget-icon_item\" data-id=\"b3598fe\" data-element_type=\"widget\" data-widget_type=\"icon_item.default\">\n\t\t\t\t<div class=\"elementor-widget-container\">\n\t\t\t\t\t\r\n         <div class=\"iconbox-item\">\r\n            <div><i class=\"fal fal fa-truck-container\"><\/i><\/div>\r\n            <div>\r\n               <h5>Entrega r\u00e1pida<\/h5>\r\n               <p>\nEntrega urgente en toda Francia\n<\/p>\r\n            <\/div>\r\n         <\/div>\r\n\r\n      \t\t\t\t<\/div>\n\t\t\t\t<\/div>\n\t\t\t\t\t<\/div>\n\t\t<\/div>\n\t\t\t\t<div class=\"elementor-column elementor-col-33 elementor-top-column elementor-element elementor-element-3bc2311\" data-id=\"3bc2311\" data-element_type=\"column\">\n\t\t\t<div class=\"elementor-widget-wrap elementor-element-populated\">\n\t\t\t\t\t\t<div class=\"elementor-element elementor-element-5030b9b elementor-widget elementor-widget-icon_item\" data-id=\"5030b9b\" data-element_type=\"widget\" data-widget_type=\"icon_item.default\">\n\t\t\t\t<div class=\"elementor-widget-container\">\n\t\t\t\t\t\r\n         <div class=\"iconbox-item\">\r\n            <div><i class=\"fal fal fa-certificate\"><\/i><\/div>\r\n            <div>\r\n               <h5>Calidad garantizada<\/h5>\r\n               <p>Instalaci\u00f3n de alta calidad<\/p>\r\n            <\/div>\r\n         <\/div>\r\n\r\n      \t\t\t\t<\/div>\n\t\t\t\t<\/div>\n\t\t\t\t\t<\/div>\n\t\t<\/div>\n\t\t\t\t<div class=\"elementor-column elementor-col-33 elementor-top-column elementor-element elementor-element-471fff0\" data-id=\"471fff0\" data-element_type=\"column\">\n\t\t\t<div class=\"elementor-widget-wrap elementor-element-populated\">\n\t\t\t\t\t\t<div class=\"elementor-element elementor-element-04fa43e elementor-widget elementor-widget-icon_item\" data-id=\"04fa43e\" data-element_type=\"widget\" data-widget_type=\"icon_item.default\">\n\t\t\t\t<div class=\"elementor-widget-container\">\n\t\t\t\t\t\r\n         <div class=\"iconbox-item\">\r\n            <div><i class=\"fal fal fa-tags\"><\/i><\/div>\r\n            <div>\r\n               <h5>Promociones<\/h5>\r\n               <p>-7% en todos los productos<\/p>\r\n            <\/div>\r\n         <\/div>\r\n\r\n      \t\t\t\t<\/div>\n\t\t\t\t<\/div>\n\t\t\t\t\t<\/div>\n\t\t<\/div>\n\t\t\t\t\t<\/div>\n\t\t<\/section>\n\t\t\t\t<section class=\"elementor-section elementor-top-section elementor-element elementor-element-a43ee30 elementor-section-stretched elementor-section-boxed elementor-section-height-default elementor-section-height-default\" data-id=\"a43ee30\" data-element_type=\"section\" data-settings=\"{&quot;background_background&quot;:&quot;classic&quot;,&quot;stretch_section&quot;:&quot;section-stretched&quot;}\">\n\t\t\t\t\t\t\t<div class=\"elementor-background-overlay\"><\/div>\n\t\t\t\t\t\t\t<div class=\"elementor-container elementor-column-gap-default\">\n\t\t\t\t\t<div class=\"elementor-column elementor-col-66 elementor-top-column elementor-element elementor-element-1cde073\" data-id=\"1cde073\" data-element_type=\"column\">\n\t\t\t<div class=\"elementor-widget-wrap elementor-element-populated\">\n\t\t\t\t\t\t<div class=\"elementor-element elementor-element-877f987 elementor-widget elementor-widget-heading\" data-id=\"877f987\" data-element_type=\"widget\" data-widget_type=\"heading.default\">\n\t\t\t\t\t<h1 class=\"elementor-heading-title elementor-size-default\">HAZ UN BUEN PLAN Y APROVECHA<\/h1>\t\t\t\t<\/div>\n\t\t\t\t<div class=\"elementor-element elementor-element-3be0aa1 promolink elementor-widget elementor-widget-heading\" data-id=\"3be0aa1\" data-element_type=\"widget\" data-widget_type=\"heading.default\">\n\t\t\t\t\t<h1 class=\"elementor-heading-title elementor-size-default\"><a href=\"https:\/\/www.frigo-parts.com\/es\/tienda\/?filter=on_sale\">NUESTRAS PROMOCIONES<\/a><\/h1>\t\t\t\t<\/div>\n\t\t\t\t\t<\/div>\n\t\t<\/div>\n\t\t\t\t<div class=\"elementor-column elementor-col-33 elementor-top-column elementor-element elementor-element-87ea2c7\" data-id=\"87ea2c7\" data-element_type=\"column\">\n\t\t\t<div class=\"elementor-widget-wrap elementor-element-populated\">\n\t\t\t\t\t\t<div class=\"elementor-element elementor-element-a120e83 elementor-widget__width-initial elementor-absolute elementor-hidden-phone elementor-widget elementor-widget-image\" data-id=\"a120e83\" data-element_type=\"widget\" data-settings=\"{&quot;_position&quot;:&quot;absolute&quot;}\" data-widget_type=\"image.default\">\n\t\t\t\t\t\t\t\t\t\t\t\t\t\t\t<img decoding=\"async\" width=\"564\" height=\"516\" src=\"https:\/\/www.frigo-parts.com\/wp-content\/uploads\/2025\/11\/4353-large_default-600x600-2.png\" class=\"attachment-full size-full wp-image-5725\" alt=\"\" srcset=\"https:\/\/www.frigo-parts.com\/wp-content\/uploads\/2025\/11\/4353-large_default-600x600-2.png 564w, https:\/\/www.frigo-parts.com\/wp-content\/uploads\/2025\/11\/4353-large_default-600x600-2-300x274.png 300w\" sizes=\"(max-width: 564px) 100vw, 564px\" \/>\t\t\t\t\t\t\t\t\t\t\t\t\t\t\t<\/div>\n\t\t\t\t\t<\/div>\n\t\t<\/div>\n\t\t\t\t\t<\/div>\n\t\t<\/section>\n\t\t\t\t<\/div>","protected":false},"excerpt":{"rendered":"<p>FRIGO PARTS\u00a0accompagne ses clients de la s\u00e9lection \u00e0 la mise en service, avec un savoir-faire reconnu et un service apr\u00e8s-vente d\u00e9di\u00e9, pour toutes les op\u00e9rations li\u00e9es au froid industriel et au transport sous temp\u00e9rature contr\u00f4l\u00e9e.\u200b Pour un devis, un conseil ou une intervention, contactez notre \u00e9quipe sp\u00e9cialiste des groupes frigorifiques ! FRIGO PARTS, d\u00e9partement sp\u00e9cialis\u00e9 [&hellip;]<\/p>","protected":false},"author":1,"featured_media":0,"parent":0,"menu_order":0,"comment_status":"closed","ping_status":"closed","template":"custom-page.php","meta":{"footnotes":""},"class_list":["post-6030","page","type-page","status-publish","hentry"],"yoast_head":"<!-- This site is optimized with the Yoast SEO plugin v26.4 - https:\/\/yoast.com\/wordpress\/plugins\/seo\/ -->\n<title>Nos services<\/title>\n<meta name=\"robots\" content=\"index, follow, max-snippet:-1, max-image-preview:large, max-video-preview:-1\" \/>\n<link rel=\"canonical\" href=\"https:\/\/www.frigo-parts.com\/es\/nuestros-servicios\/\" \/>\n<meta property=\"og:locale\" content=\"es_ES\" \/>\n<meta property=\"og:type\" content=\"article\" \/>\n<meta property=\"og:title\" content=\"Nos services\" \/>\n<meta property=\"og:description\" content=\"FRIGO PARTS\u00a0accompagne ses clients de la s\u00e9lection \u00e0 la mise en service, avec un savoir-faire reconnu et un service apr\u00e8s-vente d\u00e9di\u00e9, pour toutes les op\u00e9rations li\u00e9es au froid industriel et au transport sous temp\u00e9rature contr\u00f4l\u00e9e.\u200b Pour un devis, un conseil ou une intervention, contactez notre \u00e9quipe sp\u00e9cialiste des groupes frigorifiques ! FRIGO PARTS, d\u00e9partement sp\u00e9cialis\u00e9 [&hellip;]\" \/>\n<meta property=\"og:url\" content=\"https:\/\/www.frigo-parts.com\/es\/nuestros-servicios\/\" \/>\n<meta property=\"og:site_name\" content=\"Frigo Parts\" \/>\n<meta property=\"article:modified_time\" content=\"2026-02-20T14:30:08+00:00\" \/>\n<meta property=\"og:image\" content=\"https:\/\/www.frigo-parts.com\/wp-content\/uploads\/2025\/11\/dd4f1d32-7faf-42d9-b30b-410cb524ef2b.png\" \/>\n\t<meta property=\"og:image:width\" content=\"1344\" \/>\n\t<meta property=\"og:image:height\" content=\"768\" \/>\n\t<meta property=\"og:image:type\" content=\"image\/png\" \/>\n<meta name=\"twitter:card\" content=\"summary_large_image\" \/>\n<meta name=\"twitter:label1\" content=\"Est. reading time\" \/>\n\t<meta name=\"twitter:data1\" content=\"1 minuto\" \/>\n<script type=\"application\/ld+json\" class=\"yoast-schema-graph\">{\"@context\":\"https:\/\/schema.org\",\"@graph\":[{\"@type\":\"WebPage\",\"@id\":\"https:\/\/www.frigo-parts.com\/nos-services\/\",\"url\":\"https:\/\/www.frigo-parts.com\/nos-services\/\",\"name\":\"Nos services\",\"isPartOf\":{\"@id\":\"https:\/\/www.frigo-parts.com\/#website\"},\"primaryImageOfPage\":{\"@id\":\"https:\/\/www.frigo-parts.com\/nos-services\/#primaryimage\"},\"image\":{\"@id\":\"https:\/\/www.frigo-parts.com\/nos-services\/#primaryimage\"},\"thumbnailUrl\":\"https:\/\/www.frigo-parts.com\/wp-content\/uploads\/2025\/11\/dd4f1d32-7faf-42d9-b30b-410cb524ef2b.png\",\"datePublished\":\"2025-11-25T14:04:35+00:00\",\"dateModified\":\"2026-02-20T14:30:08+00:00\",\"breadcrumb\":{\"@id\":\"https:\/\/www.frigo-parts.com\/nos-services\/#breadcrumb\"},\"inLanguage\":\"es\",\"potentialAction\":[{\"@type\":\"ReadAction\",\"target\":[\"https:\/\/www.frigo-parts.com\/nos-services\/\"]}]},{\"@type\":\"ImageObject\",\"inLanguage\":\"es\",\"@id\":\"https:\/\/www.frigo-parts.com\/nos-services\/#primaryimage\",\"url\":\"https:\/\/www.frigo-parts.com\/wp-content\/uploads\/2025\/11\/dd4f1d32-7faf-42d9-b30b-410cb524ef2b.png\",\"contentUrl\":\"https:\/\/www.frigo-parts.com\/wp-content\/uploads\/2025\/11\/dd4f1d32-7faf-42d9-b30b-410cb524ef2b.png\"},{\"@type\":\"BreadcrumbList\",\"@id\":\"https:\/\/www.frigo-parts.com\/nos-services\/#breadcrumb\",\"itemListElement\":[{\"@type\":\"ListItem\",\"position\":1,\"name\":\"Accueil\",\"item\":\"https:\/\/www.frigo-parts.com\/\"},{\"@type\":\"ListItem\",\"position\":2,\"name\":\"Nos services\"}]},{\"@type\":\"WebSite\",\"@id\":\"https:\/\/www.frigo-parts.com\/#website\",\"url\":\"https:\/\/www.frigo-parts.com\/\",\"name\":\"Frigo Parts\",\"description\":\"\",\"publisher\":{\"@id\":\"https:\/\/www.frigo-parts.com\/#organization\"},\"potentialAction\":[{\"@type\":\"SearchAction\",\"target\":{\"@type\":\"EntryPoint\",\"urlTemplate\":\"https:\/\/www.frigo-parts.com\/?s={search_term_string}\"},\"query-input\":{\"@type\":\"PropertyValueSpecification\",\"valueRequired\":true,\"valueName\":\"search_term_string\"}}],\"inLanguage\":\"es\"},{\"@type\":\"Organization\",\"@id\":\"https:\/\/www.frigo-parts.com\/#organization\",\"name\":\"Frigo Parts\",\"url\":\"https:\/\/www.frigo-parts.com\/\",\"logo\":{\"@type\":\"ImageObject\",\"inLanguage\":\"es\",\"@id\":\"https:\/\/www.frigo-parts.com\/#\/schema\/logo\/image\/\",\"url\":\"https:\/\/www.frigo-parts.com\/wp-content\/uploads\/2025\/11\/cropped-logo-1652192732.jpg\",\"contentUrl\":\"https:\/\/www.frigo-parts.com\/wp-content\/uploads\/2025\/11\/cropped-logo-1652192732.jpg\",\"width\":200,\"height\":64,\"caption\":\"Frigo Parts\"},\"image\":{\"@id\":\"https:\/\/www.frigo-parts.com\/#\/schema\/logo\/image\/\"}}]}<\/script>\n<!-- \/ Yoast SEO plugin. -->","yoast_head_json":{"title":"Nuestros servicios","robots":{"index":"index","follow":"follow","max-snippet":"max-snippet:-1","max-image-preview":"max-image-preview:large","max-video-preview":"max-video-preview:-1"},"canonical":"https:\/\/www.frigo-parts.com\/es\/nuestros-servicios\/","og_locale":"es_ES","og_type":"article","og_title":"Nos services","og_description":"FRIGO PARTS\u00a0accompagne ses clients de la s\u00e9lection \u00e0 la mise en service, avec un savoir-faire reconnu et un service apr\u00e8s-vente d\u00e9di\u00e9, pour toutes les op\u00e9rations li\u00e9es au froid industriel et au transport sous temp\u00e9rature contr\u00f4l\u00e9e.\u200b Pour un devis, un conseil ou une intervention, contactez notre \u00e9quipe sp\u00e9cialiste des groupes frigorifiques ! FRIGO PARTS, d\u00e9partement sp\u00e9cialis\u00e9 [&hellip;]","og_url":"https:\/\/www.frigo-parts.com\/es\/nuestros-servicios\/","og_site_name":"Frigo Parts","article_modified_time":"2026-02-20T14:30:08+00:00","og_image":[{"width":1344,"height":768,"url":"https:\/\/www.frigo-parts.com\/wp-content\/uploads\/2025\/11\/dd4f1d32-7faf-42d9-b30b-410cb524ef2b.png","type":"image\/png"}],"twitter_card":"summary_large_image","twitter_misc":{"Est. reading time":"1 minuto"},"schema":{"@context":"https:\/\/schema.org","@graph":[{"@type":"WebPage","@id":"https:\/\/www.frigo-parts.com\/nos-services\/","url":"https:\/\/www.frigo-parts.com\/nos-services\/","name":"Nuestros servicios","isPartOf":{"@id":"https:\/\/www.frigo-parts.com\/#website"},"primaryImageOfPage":{"@id":"https:\/\/www.frigo-parts.com\/nos-services\/#primaryimage"},"image":{"@id":"https:\/\/www.frigo-parts.com\/nos-services\/#primaryimage"},"thumbnailUrl":"https:\/\/www.frigo-parts.com\/wp-content\/uploads\/2025\/11\/dd4f1d32-7faf-42d9-b30b-410cb524ef2b.png","datePublished":"2025-11-25T14:04:35+00:00","dateModified":"2026-02-20T14:30:08+00:00","breadcrumb":{"@id":"https:\/\/www.frigo-parts.com\/nos-services\/#breadcrumb"},"inLanguage":"es","potentialAction":[{"@type":"ReadAction","target":["https:\/\/www.frigo-parts.com\/nos-services\/"]}]},{"@type":"ImageObject","inLanguage":"es","@id":"https:\/\/www.frigo-parts.com\/nos-services\/#primaryimage","url":"https:\/\/www.frigo-parts.com\/wp-content\/uploads\/2025\/11\/dd4f1d32-7faf-42d9-b30b-410cb524ef2b.png","contentUrl":"https:\/\/www.frigo-parts.com\/wp-content\/uploads\/2025\/11\/dd4f1d32-7faf-42d9-b30b-410cb524ef2b.png"},{"@type":"BreadcrumbList","@id":"https:\/\/www.frigo-parts.com\/nos-services\/#breadcrumb","itemListElement":[{"@type":"ListItem","position":1,"name":"Accueil","item":"https:\/\/www.frigo-parts.com\/"},{"@type":"ListItem","position":2,"name":"Nos services"}]},{"@type":"WebSite","@id":"https:\/\/www.frigo-parts.com\/#website","url":"https:\/\/www.frigo-parts.com\/","name":"Piezas Frigo","description":"","publisher":{"@id":"https:\/\/www.frigo-parts.com\/#organization"},"potentialAction":[{"@type":"SearchAction","target":{"@type":"EntryPoint","urlTemplate":"https:\/\/www.frigo-parts.com\/?s={search_term_string}"},"query-input":{"@type":"PropertyValueSpecification","valueRequired":true,"valueName":"search_term_string"}}],"inLanguage":"es"},{"@type":"Organization","@id":"https:\/\/www.frigo-parts.com\/#organization","name":"Piezas Frigo","url":"https:\/\/www.frigo-parts.com\/","logo":{"@type":"ImageObject","inLanguage":"es","@id":"https:\/\/www.frigo-parts.com\/#\/schema\/logo\/image\/","url":"https:\/\/www.frigo-parts.com\/wp-content\/uploads\/2025\/11\/cropped-logo-1652192732.jpg","contentUrl":"https:\/\/www.frigo-parts.com\/wp-content\/uploads\/2025\/11\/cropped-logo-1652192732.jpg","width":200,"height":64,"caption":"Frigo Parts"},"image":{"@id":"https:\/\/www.frigo-parts.com\/#\/schema\/logo\/image\/"}}]}},"_links":{"self":[{"href":"https:\/\/www.frigo-parts.com\/es\/wp-json\/wp\/v2\/pages\/6030","targetHints":{"allow":["GET"]}}],"collection":[{"href":"https:\/\/www.frigo-parts.com\/es\/wp-json\/wp\/v2\/pages"}],"about":[{"href":"https:\/\/www.frigo-parts.com\/es\/wp-json\/wp\/v2\/types\/page"}],"author":[{"embeddable":true,"href":"https:\/\/www.frigo-parts.com\/es\/wp-json\/wp\/v2\/users\/1"}],"replies":[{"embeddable":true,"href":"https:\/\/www.frigo-parts.com\/es\/wp-json\/wp\/v2\/comments?post=6030"}],"version-history":[{"count":34,"href":"https:\/\/www.frigo-parts.com\/es\/wp-json\/wp\/v2\/pages\/6030\/revisions"}],"predecessor-version":[{"id":6705,"href":"https:\/\/www.frigo-parts.com\/es\/wp-json\/wp\/v2\/pages\/6030\/revisions\/6705"}],"wp:attachment":[{"href":"https:\/\/www.frigo-parts.com\/es\/wp-json\/wp\/v2\/media?parent=6030"}],"curies":[{"name":"wp","href":"https:\/\/api.w.org\/{rel}","templated":true}]}}