{"id":5608,"date":"2025-11-21T10:54:52","date_gmt":"2025-11-21T09:54:52","guid":{"rendered":"https:\/\/www.frigo-parts.com\/?page_id=5608"},"modified":"2025-12-09T16:39:25","modified_gmt":"2025-12-09T15:39:25","slug":"informacion-legal","status":"publish","type":"page","link":"https:\/\/www.frigo-parts.com\/es\/informacion-legal\/","title":{"rendered":"Informaci\u00f3n jur\u00eddica"},"content":{"rendered":"<div data-elementor-type=\"wp-page\" data-elementor-id=\"5608\" class=\"elementor elementor-5608\" data-elementor-post-type=\"page\">\n\t\t\t\t\t\t<section class=\"elementor-section elementor-top-section elementor-element elementor-element-7a5a87d2 elementor-section-boxed elementor-section-height-default elementor-section-height-default\" data-id=\"7a5a87d2\" data-element_type=\"section\">\n\t\t\t\t\t\t<div class=\"elementor-container elementor-column-gap-default\">\n\t\t\t\t\t<div class=\"elementor-column elementor-col-100 elementor-top-column elementor-element elementor-element-78dab1ce\" data-id=\"78dab1ce\" data-element_type=\"column\">\n\t\t\t<div class=\"elementor-widget-wrap elementor-element-populated\">\n\t\t\t\t\t\t<div class=\"elementor-element elementor-element-7f30555f elementor-widget elementor-widget-text-editor\" data-id=\"7f30555f\" data-element_type=\"widget\" data-widget_type=\"text-editor.default\">\n\t\t\t\t\t\t\t\t\t<h3><strong>Cr\u00e9ditos<\/strong><\/h3><p>Director de la publicaci\u00f3n: Philippe SAROUL.<\/p><p>Dise\u00f1o y producci\u00f3n :<\/p><p>Esta tienda en l\u00ednea se cre\u00f3 utilizando el\u00a0<a href=\"http:\/\/www.wordpress.com\/\">Software WordPress. <\/a>Visite el\u00a0<a href=\"https:\/\/www.frigo-parts.com\/es\/blog\/\">blog<\/a>\u00a0para estar al d\u00eda de las \u00faltimas novedades y obtener consejos sobre la venta en l\u00ednea y la gesti\u00f3n de un sitio de comercio electr\u00f3nico.<\/p>\t\t\t\t\t\t\t\t<\/div>\n\t\t\t\t\t<\/div>\n\t\t<\/div>\n\t\t\t\t\t<\/div>\n\t\t<\/section>\n\t\t\t\t<\/div>","protected":false},"excerpt":{"rendered":"<p>Cr\u00e9dits Directeur de la publication : Philippe SAROUL. Conception et production\u00a0: Cette boutique en ligne a \u00e9t\u00e9 cr\u00e9\u00e9e \u00e0 l&#8217;aide du\u00a0logiciel WordPress. Rendez-vous sur le\u00a0blog\u00a0pour vous tenir au courant des derni\u00e8res actualit\u00e9s et obtenir des conseils sur la vente en ligne et la gestion d&#8217;un site d&#8217;e-commerce.<\/p>","protected":false},"author":1,"featured_media":0,"parent":0,"menu_order":0,"comment_status":"closed","ping_status":"closed","template":"custom-page.php","meta":{"footnotes":""},"class_list":["post-5608","page","type-page","status-publish","hentry"],"yoast_head":"<!-- This site is optimized with the Yoast SEO plugin v26.4 - https:\/\/yoast.com\/wordpress\/plugins\/seo\/ -->\n<title>Mentions l\u00e9gales<\/title>\n<meta name=\"robots\" content=\"index, follow, max-snippet:-1, max-image-preview:large, max-video-preview:-1\" \/>\n<link rel=\"canonical\" href=\"https:\/\/www.frigo-parts.com\/es\/informacion-legal\/\" \/>\n<meta property=\"og:locale\" content=\"es_ES\" \/>\n<meta property=\"og:type\" content=\"article\" \/>\n<meta property=\"og:title\" content=\"Mentions l\u00e9gales\" \/>\n<meta property=\"og:description\" content=\"Cr\u00e9dits Directeur de la publication : Philippe SAROUL. Conception et production\u00a0: Cette boutique en ligne a \u00e9t\u00e9 cr\u00e9\u00e9e \u00e0 l&#8217;aide du\u00a0logiciel WordPress. Rendez-vous sur le\u00a0blog\u00a0pour vous tenir au courant des derni\u00e8res actualit\u00e9s et obtenir des conseils sur la vente en ligne et la gestion d&#8217;un site d&#8217;e-commerce.\" \/>\n<meta property=\"og:url\" content=\"https:\/\/www.frigo-parts.com\/es\/informacion-legal\/\" \/>\n<meta property=\"og:site_name\" content=\"Frigo Parts\" \/>\n<meta property=\"article:modified_time\" content=\"2025-12-09T15:39:25+00:00\" \/>\n<meta name=\"twitter:card\" content=\"summary_large_image\" \/>\n<script type=\"application\/ld+json\" class=\"yoast-schema-graph\">{\"@context\":\"https:\/\/schema.org\",\"@graph\":[{\"@type\":\"WebPage\",\"@id\":\"https:\/\/www.frigo-parts.com\/mentions-legales\/\",\"url\":\"https:\/\/www.frigo-parts.com\/mentions-legales\/\",\"name\":\"Mentions l\u00e9gales\",\"isPartOf\":{\"@id\":\"https:\/\/www.frigo-parts.com\/#website\"},\"datePublished\":\"2025-11-21T09:54:52+00:00\",\"dateModified\":\"2025-12-09T15:39:25+00:00\",\"breadcrumb\":{\"@id\":\"https:\/\/www.frigo-parts.com\/mentions-legales\/#breadcrumb\"},\"inLanguage\":\"es\",\"potentialAction\":[{\"@type\":\"ReadAction\",\"target\":[\"https:\/\/www.frigo-parts.com\/mentions-legales\/\"]}]},{\"@type\":\"BreadcrumbList\",\"@id\":\"https:\/\/www.frigo-parts.com\/mentions-legales\/#breadcrumb\",\"itemListElement\":[{\"@type\":\"ListItem\",\"position\":1,\"name\":\"Accueil\",\"item\":\"https:\/\/www.frigo-parts.com\/\"},{\"@type\":\"ListItem\",\"position\":2,\"name\":\"Mentions l\u00e9gales\"}]},{\"@type\":\"WebSite\",\"@id\":\"https:\/\/www.frigo-parts.com\/#website\",\"url\":\"https:\/\/www.frigo-parts.com\/\",\"name\":\"Frigo Parts\",\"description\":\"\",\"publisher\":{\"@id\":\"https:\/\/www.frigo-parts.com\/#organization\"},\"potentialAction\":[{\"@type\":\"SearchAction\",\"target\":{\"@type\":\"EntryPoint\",\"urlTemplate\":\"https:\/\/www.frigo-parts.com\/?s={search_term_string}\"},\"query-input\":{\"@type\":\"PropertyValueSpecification\",\"valueRequired\":true,\"valueName\":\"search_term_string\"}}],\"inLanguage\":\"es\"},{\"@type\":\"Organization\",\"@id\":\"https:\/\/www.frigo-parts.com\/#organization\",\"name\":\"Frigo Parts\",\"url\":\"https:\/\/www.frigo-parts.com\/\",\"logo\":{\"@type\":\"ImageObject\",\"inLanguage\":\"es\",\"@id\":\"https:\/\/www.frigo-parts.com\/#\/schema\/logo\/image\/\",\"url\":\"https:\/\/www.frigo-parts.com\/wp-content\/uploads\/2025\/11\/cropped-logo-1652192732.jpg\",\"contentUrl\":\"https:\/\/www.frigo-parts.com\/wp-content\/uploads\/2025\/11\/cropped-logo-1652192732.jpg\",\"width\":200,\"height\":64,\"caption\":\"Frigo Parts\"},\"image\":{\"@id\":\"https:\/\/www.frigo-parts.com\/#\/schema\/logo\/image\/\"}}]}<\/script>\n<!-- \/ Yoast SEO plugin. -->","yoast_head_json":{"title":"Informaci\u00f3n jur\u00eddica","robots":{"index":"index","follow":"follow","max-snippet":"max-snippet:-1","max-image-preview":"max-image-preview:large","max-video-preview":"max-video-preview:-1"},"canonical":"https:\/\/www.frigo-parts.com\/es\/informacion-legal\/","og_locale":"es_ES","og_type":"article","og_title":"Mentions l\u00e9gales","og_description":"Cr\u00e9dits Directeur de la publication : Philippe SAROUL. Conception et production\u00a0: Cette boutique en ligne a \u00e9t\u00e9 cr\u00e9\u00e9e \u00e0 l&#8217;aide du\u00a0logiciel WordPress. Rendez-vous sur le\u00a0blog\u00a0pour vous tenir au courant des derni\u00e8res actualit\u00e9s et obtenir des conseils sur la vente en ligne et la gestion d&#8217;un site d&#8217;e-commerce.","og_url":"https:\/\/www.frigo-parts.com\/es\/informacion-legal\/","og_site_name":"Frigo Parts","article_modified_time":"2025-12-09T15:39:25+00:00","twitter_card":"summary_large_image","schema":{"@context":"https:\/\/schema.org","@graph":[{"@type":"WebPage","@id":"https:\/\/www.frigo-parts.com\/mentions-legales\/","url":"https:\/\/www.frigo-parts.com\/mentions-legales\/","name":"Informaci\u00f3n jur\u00eddica","isPartOf":{"@id":"https:\/\/www.frigo-parts.com\/#website"},"datePublished":"2025-11-21T09:54:52+00:00","dateModified":"2025-12-09T15:39:25+00:00","breadcrumb":{"@id":"https:\/\/www.frigo-parts.com\/mentions-legales\/#breadcrumb"},"inLanguage":"es","potentialAction":[{"@type":"ReadAction","target":["https:\/\/www.frigo-parts.com\/mentions-legales\/"]}]},{"@type":"BreadcrumbList","@id":"https:\/\/www.frigo-parts.com\/mentions-legales\/#breadcrumb","itemListElement":[{"@type":"ListItem","position":1,"name":"Accueil","item":"https:\/\/www.frigo-parts.com\/"},{"@type":"ListItem","position":2,"name":"Mentions l\u00e9gales"}]},{"@type":"WebSite","@id":"https:\/\/www.frigo-parts.com\/#website","url":"https:\/\/www.frigo-parts.com\/","name":"Piezas Frigo","description":"","publisher":{"@id":"https:\/\/www.frigo-parts.com\/#organization"},"potentialAction":[{"@type":"SearchAction","target":{"@type":"EntryPoint","urlTemplate":"https:\/\/www.frigo-parts.com\/?s={search_term_string}"},"query-input":{"@type":"PropertyValueSpecification","valueRequired":true,"valueName":"search_term_string"}}],"inLanguage":"es"},{"@type":"Organization","@id":"https:\/\/www.frigo-parts.com\/#organization","name":"Piezas Frigo","url":"https:\/\/www.frigo-parts.com\/","logo":{"@type":"ImageObject","inLanguage":"es","@id":"https:\/\/www.frigo-parts.com\/#\/schema\/logo\/image\/","url":"https:\/\/www.frigo-parts.com\/wp-content\/uploads\/2025\/11\/cropped-logo-1652192732.jpg","contentUrl":"https:\/\/www.frigo-parts.com\/wp-content\/uploads\/2025\/11\/cropped-logo-1652192732.jpg","width":200,"height":64,"caption":"Frigo Parts"},"image":{"@id":"https:\/\/www.frigo-parts.com\/#\/schema\/logo\/image\/"}}]}},"_links":{"self":[{"href":"https:\/\/www.frigo-parts.com\/es\/wp-json\/wp\/v2\/pages\/5608","targetHints":{"allow":["GET"]}}],"collection":[{"href":"https:\/\/www.frigo-parts.com\/es\/wp-json\/wp\/v2\/pages"}],"about":[{"href":"https:\/\/www.frigo-parts.com\/es\/wp-json\/wp\/v2\/types\/page"}],"author":[{"embeddable":true,"href":"https:\/\/www.frigo-parts.com\/es\/wp-json\/wp\/v2\/users\/1"}],"replies":[{"embeddable":true,"href":"https:\/\/www.frigo-parts.com\/es\/wp-json\/wp\/v2\/comments?post=5608"}],"version-history":[{"count":7,"href":"https:\/\/www.frigo-parts.com\/es\/wp-json\/wp\/v2\/pages\/5608\/revisions"}],"predecessor-version":[{"id":6286,"href":"https:\/\/www.frigo-parts.com\/es\/wp-json\/wp\/v2\/pages\/5608\/revisions\/6286"}],"wp:attachment":[{"href":"https:\/\/www.frigo-parts.com\/es\/wp-json\/wp\/v2\/media?parent=5608"}],"curies":[{"name":"wp","href":"https:\/\/api.w.org\/{rel}","templated":true}]}}