{"id":507,"date":"2020-06-01T14:12:32","date_gmt":"2020-06-01T14:12:32","guid":{"rendered":"https:\/\/themebing.com\/wp\/automax\/?page_id=507"},"modified":"2025-12-09T16:38:55","modified_gmt":"2025-12-09T15:38:55","slug":"condiciones-generales-de-venta","status":"publish","type":"page","link":"https:\/\/www.frigo-parts.com\/es\/condiciones-generales-de-venta\/","title":{"rendered":"Condiciones generales de venta"},"content":{"rendered":"<div data-elementor-type=\"wp-page\" data-elementor-id=\"507\" class=\"elementor elementor-507\" data-elementor-post-type=\"page\">\n\t\t\t\t\t\t<section class=\"elementor-section elementor-top-section elementor-element elementor-element-7a5a87d2 elementor-section-boxed elementor-section-height-default elementor-section-height-default\" data-id=\"7a5a87d2\" data-element_type=\"section\">\n\t\t\t\t\t\t<div class=\"elementor-container elementor-column-gap-default\">\n\t\t\t\t\t<div class=\"elementor-column elementor-col-100 elementor-top-column elementor-element elementor-element-78dab1ce\" data-id=\"78dab1ce\" data-element_type=\"column\">\n\t\t\t<div class=\"elementor-widget-wrap elementor-element-populated\">\n\t\t\t\t\t\t<div class=\"elementor-element elementor-element-de556ea elementor-widget elementor-widget-image\" data-id=\"de556ea\" data-element_type=\"widget\" data-widget_type=\"image.default\">\n\t\t\t\t\t\t\t\t\t\t\t\t\t\t\t<img fetchpriority=\"high\" decoding=\"async\" width=\"622\" height=\"159\" src=\"https:\/\/www.frigo-parts.com\/wp-content\/uploads\/2025\/11\/cgv-1.png\" class=\"attachment-full size-full wp-image-5604\" alt=\"\" srcset=\"https:\/\/www.frigo-parts.com\/wp-content\/uploads\/2025\/11\/cgv-1.png 622w, https:\/\/www.frigo-parts.com\/wp-content\/uploads\/2025\/11\/cgv-1-300x77.png 300w, https:\/\/www.frigo-parts.com\/wp-content\/uploads\/2025\/11\/cgv-1-600x153.png 600w\" sizes=\"(max-width: 622px) 100vw, 622px\" \/>\t\t\t\t\t\t\t\t\t\t\t\t\t\t\t<\/div>\n\t\t\t\t<div class=\"elementor-element elementor-element-7f30555f elementor-widget elementor-widget-text-editor\" data-id=\"7f30555f\" data-element_type=\"widget\" data-widget_type=\"text-editor.default\">\n\t\t\t\t\t\t\t\t\t<p dir=\"ltr\">Estos productos tienen una garant\u00eda de 1 a\u00f1o a partir de la fecha de entrega o compra.<\/p><p dir=\"ltr\">La garant\u00eda cubre las aver\u00edas y el mal funcionamiento de las piezas cuando se utilizan de acuerdo con la finalidad prevista del producto y la informaci\u00f3n del manual de usuario.<\/p><p dir=\"ltr\">Para estar cubiertos por la garant\u00eda, se requiere una prueba de compra (factura) y los productos deben estar completos con todos los accesorios.<\/p><p dir=\"ltr\">La cl\u00e1usula de garant\u00eda no cubre los deterioros derivados del desgaste normal, falta de mantenimiento, negligencia, montaje defectuoso o uso inadecuado (golpes, incumplimiento de las recomendaciones de alimentaci\u00f3n, almacenamiento, condiciones de uso, etc.).<\/p><p dir=\"ltr\">La garant\u00eda no se aplica a los dep\u00f3sitos de polvo y residuos que puedan acumularse en las superficies internas o externas del producto y en el sistema de desag\u00fce conectado (tuber\u00edas) como consecuencia de un mantenimiento deficiente.<\/p><p dir=\"ltr\">La garant\u00eda tambi\u00e9n excluye cualquier consecuencia perjudicial derivada del uso de accesorios o piezas de repuesto no originales o inadecuados, o del desmontaje o modificaci\u00f3n del aparato.<\/p><h3 dir=\"ltr\"><strong>CONDICIONES DE VENTA<\/strong><\/h3><h5 dir=\"ltr\"><strong>Art\u00edculo 1<\/strong> Prop\u00f3sito<\/h5><p dir=\"ltr\">Las condiciones generales de venta descritas a continuaci\u00f3n detallan los derechos y obligaciones de SAROUL SAS y de su cliente en el marco de la venta de las siguientes mercanc\u00edas: Piezas de recambio y todos los accesorios y equipos relacionados. Por lo tanto, cualquier servicio prestado por SAROUL SAS implica la aceptaci\u00f3n sin reservas de las presentes condiciones generales de venta por parte del comprador.<\/p><h5 dir=\"ltr\"><strong>Cl\u00e1usula n\u00ba 2<\/strong> Precio<\/h5><p dir=\"ltr\">Los precios de las mercanc\u00edas vendidas son los vigentes el d\u00eda en que se toma el pedido. Se expresan en euros y no incluyen impuestos. Por consiguiente, se les a\u00f1adir\u00e1 el tipo de IVA y los gastos de transporte aplicables el d\u00eda en que se realice el pedido.<\/p><p dir=\"ltr\">SAROUL SAS se reserva el derecho de modificar sus precios en cualquier momento. No obstante, se compromete a facturar las mercanc\u00edas pedidas a los precios indicados en el momento del registro del pedido.<\/p><h5 dir=\"ltr\"><strong>Cl\u00e1usula n\u00ba 3<\/strong> Descuentos y rebajas<\/h5><p dir=\"ltr\">Los precios indicados incluyen los descuentos y rebajas que SAROUL SAS pueda conceder en funci\u00f3n de sus resultados o del hecho de que el comprador se haga cargo de determinadas prestaciones.<\/p><h5 dir=\"ltr\"><strong>Art\u00edculo 4<\/strong> Descuento<\/h5><p dir=\"ltr\">Se conceder\u00e1 un descuento de 1% por pronto pago.<\/p><h5 dir=\"ltr\"><strong>Art\u00edculo 5<\/strong> Condiciones de pago<\/h5><p dir=\"ltr\">Los pedidos pueden pagarse con cheque, transferencia bancaria o tarjeta de cr\u00e9dito.<\/p><p dir=\"ltr\">En el momento del registro del pedido, el comprador deber\u00e1 abonar un anticipo de 30% del importe total de la factura, y el saldo se abonar\u00e1 en el momento de la entrega del producto acabado (salvo acuerdo contrario entre el comprador y SAROUL SAS).<\/p><h5 dir=\"ltr\"><strong>Art\u00edculo 6<\/strong> Pago atrasado<\/h5><p dir=\"ltr\">En caso de impago total o parcial de las mercanc\u00edas entregadas en la fecha de recepci\u00f3n, el comprador deber\u00e1 abonar a SAROUL SAS una penalizaci\u00f3n por demora igual al triple del tipo de inter\u00e9s legal.<\/p><p dir=\"ltr\">El tipo de inter\u00e9s legal es el vigente en la fecha de entrega de la mercanc\u00eda.<\/p><p dir=\"ltr\">Esta penalizaci\u00f3n se calcula sobre el importe pendiente, impuestos incluidos, y se aplica a partir de la fecha de vencimiento del precio sin necesidad de notificaci\u00f3n formal previa.<\/p><p dir=\"ltr\">Adem\u00e1s de las penalizaciones por demora, cualquier suma, incluido el dep\u00f3sito, que no se abone en la fecha de vencimiento dar\u00e1 lugar autom\u00e1ticamente al pago de una penalizaci\u00f3n fija de 40 euros para cubrir los gastos de cobro.<\/p><p dir=\"ltr\">Art\u00edculos 441-6, I apartado 12 y D. 441-5 del C\u00f3digo de Comercio franc\u00e9s.<\/p><h5 dir=\"ltr\"><strong>Art\u00edculo 7<\/strong> Cl\u00e1usula resolutoria<\/h5><p dir=\"ltr\">Si, en un plazo de quince d\u00edas a partir de la aplicaci\u00f3n de la cl\u00e1usula \u201dRetraso en el pago\u201c, el comprador no ha abonado el resto de las sumas adeudadas, la venta quedar\u00e1 anulada ipso iure y podr\u00e1 dar lugar a una reclamaci\u00f3n de da\u00f1os y perjuicios contra la empresa.<\/p><p dir=\"ltr\">SAROUL SAS.<\/p><h5 dir=\"ltr\"><strong>Art\u00edculo 8<\/strong> Cl\u00e1usula de reserva de dominio<\/h5><p dir=\"ltr\">SAROUL SAS conserva la propiedad de los bienes vendidos hasta el pago \u00edntegro del precio, en principal y en accesorios. A este respecto, si el comprador es objeto de un procedimiento de quiebra o de liquidaci\u00f3n, SAROUL SAS se reserva el derecho de reclamar, en el marco del procedimiento de quiebra, los bienes vendidos y pendientes de pago.<\/p><h5 dir=\"ltr\"><strong>Art\u00edculo 9<\/strong> : Entrega<\/h5><p dir=\"ltr\">La entrega se realiza :<\/p><p dir=\"ltr\">O entregando la mercanc\u00eda directamente al comprador.<\/p><p dir=\"ltr\">O enviando un aviso de disponibilidad en tienda al comprador.<\/p><p dir=\"ltr\">O en el lugar indicado por el comprador en el formulario de pedido.<\/p><p dir=\"ltr\">El plazo de entrega indicado al realizar el pedido es meramente indicativo y no est\u00e1 en modo alguno garantizado.<\/p><p dir=\"ltr\">En consecuencia, cualquier retraso razonable en la entrega de los productos no dar\u00e1 lugar a :<\/p><p dir=\"ltr\">La concesi\u00f3n de da\u00f1os y perjuicios y la anulaci\u00f3n de la orden.<\/p><p dir=\"ltr\">El riesgo de transporte corre \u00edntegramente a cargo del comprador.<\/p><p dir=\"ltr\">En caso de que la mercanc\u00eda falte o resulte da\u00f1ada durante el transporte, el comprador deber\u00e1 formular todas las reservas necesarias en el albar\u00e1n de entrega en el momento de la recepci\u00f3n de dicha mercanc\u00eda. Dichas reservas tambi\u00e9n deber\u00e1n confirmarse por escrito en un plazo de cinco d\u00edas a partir de la entrega, mediante carta certificada con acuse de recibo.<\/p><h5 dir=\"ltr\"><strong>Art\u00edculo 10<\/strong> Fuerza mayor<\/h5><p dir=\"ltr\">SAROUL SAS no podr\u00e1 ser considerada responsable si la no ejecuci\u00f3n o el retraso en la ejecuci\u00f3n de una de sus obligaciones descritas en las presentes condiciones generales de venta resulta de un caso de fuerza mayor. A este respecto, se entiende por fuerza mayor cualquier acontecimiento externo, imprevisible e irresistible en el sentido del art\u00edculo 1148 del C\u00f3digo Civil franc\u00e9s.<\/p><h5 dir=\"ltr\"><strong>Art\u00edculo 11<\/strong> : Tribunal competente<\/h5><p dir=\"ltr\">Cualquier litigio relativo a la interpretaci\u00f3n y ejecuci\u00f3n de las presentes condiciones generales de venta se regir\u00e1 por la legislaci\u00f3n francesa.<\/p><p dir=\"ltr\">A falta de una soluci\u00f3n amistosa, el litigio se remitir\u00e1 al Tribunal de Comercio de Cr\u00e9teil (94).<\/p>\t\t\t\t\t\t\t\t<\/div>\n\t\t\t\t\t<\/div>\n\t\t<\/div>\n\t\t\t\t\t<\/div>\n\t\t<\/section>\n\t\t\t\t<\/div>","protected":false},"excerpt":{"rendered":"<p>Ces produits b\u00e9n\u00e9ficient d\u2019une garantie de 1 an \u00e0 partir de la date de livraison la date d\u2019achat. La garantie couvre les pannes et dysfonctionnements des pi\u00e8ces dans le cadre d\u2019une utilisation conforme \u00e0 la destination du produit et aux informations du manuel d\u2019utilisation. Pour \u00eatre pris en charge au titre de la garantie, la [&hellip;]<\/p>","protected":false},"author":1,"featured_media":0,"parent":0,"menu_order":0,"comment_status":"closed","ping_status":"closed","template":"custom-page.php","meta":{"footnotes":""},"class_list":["post-507","page","type-page","status-publish","hentry"],"yoast_head":"<!-- This site is optimized with the Yoast SEO plugin v26.4 - https:\/\/yoast.com\/wordpress\/plugins\/seo\/ -->\n<title>Conditions g\u00e9n\u00e9rales de vente<\/title>\n<meta name=\"robots\" content=\"index, follow, max-snippet:-1, max-image-preview:large, max-video-preview:-1\" \/>\n<link rel=\"canonical\" href=\"https:\/\/www.frigo-parts.com\/es\/condiciones-generales-de-venta\/\" \/>\n<meta property=\"og:locale\" content=\"es_ES\" \/>\n<meta property=\"og:type\" content=\"article\" \/>\n<meta property=\"og:title\" content=\"Conditions g\u00e9n\u00e9rales de vente\" \/>\n<meta property=\"og:description\" content=\"Ces produits b\u00e9n\u00e9ficient d\u2019une garantie de 1 an \u00e0 partir de la date de livraison la date d\u2019achat. La garantie couvre les pannes et dysfonctionnements des pi\u00e8ces dans le cadre d\u2019une utilisation conforme \u00e0 la destination du produit et aux informations du manuel d\u2019utilisation. Pour \u00eatre pris en charge au titre de la garantie, la [&hellip;]\" \/>\n<meta property=\"og:url\" content=\"https:\/\/www.frigo-parts.com\/es\/condiciones-generales-de-venta\/\" \/>\n<meta property=\"og:site_name\" content=\"Frigo Parts\" \/>\n<meta property=\"article:modified_time\" content=\"2025-12-09T15:38:55+00:00\" \/>\n<meta property=\"og:image\" content=\"https:\/\/www.frigo-parts.com\/wp-content\/uploads\/2025\/11\/cgv-1.png\" \/>\n\t<meta property=\"og:image:width\" content=\"622\" \/>\n\t<meta property=\"og:image:height\" content=\"159\" \/>\n\t<meta property=\"og:image:type\" content=\"image\/png\" \/>\n<meta name=\"twitter:card\" content=\"summary_large_image\" \/>\n<script type=\"application\/ld+json\" class=\"yoast-schema-graph\">{\"@context\":\"https:\/\/schema.org\",\"@graph\":[{\"@type\":\"WebPage\",\"@id\":\"https:\/\/www.frigo-parts.com\/conditions-generales-de-vente\/\",\"url\":\"https:\/\/www.frigo-parts.com\/conditions-generales-de-vente\/\",\"name\":\"Conditions g\u00e9n\u00e9rales de vente\",\"isPartOf\":{\"@id\":\"https:\/\/www.frigo-parts.com\/#website\"},\"primaryImageOfPage\":{\"@id\":\"https:\/\/www.frigo-parts.com\/conditions-generales-de-vente\/#primaryimage\"},\"image\":{\"@id\":\"https:\/\/www.frigo-parts.com\/conditions-generales-de-vente\/#primaryimage\"},\"thumbnailUrl\":\"https:\/\/www.frigo-parts.com\/wp-content\/uploads\/2025\/11\/cgv-1.png\",\"datePublished\":\"2020-06-01T14:12:32+00:00\",\"dateModified\":\"2025-12-09T15:38:55+00:00\",\"breadcrumb\":{\"@id\":\"https:\/\/www.frigo-parts.com\/conditions-generales-de-vente\/#breadcrumb\"},\"inLanguage\":\"es\",\"potentialAction\":[{\"@type\":\"ReadAction\",\"target\":[\"https:\/\/www.frigo-parts.com\/conditions-generales-de-vente\/\"]}]},{\"@type\":\"ImageObject\",\"inLanguage\":\"es\",\"@id\":\"https:\/\/www.frigo-parts.com\/conditions-generales-de-vente\/#primaryimage\",\"url\":\"https:\/\/www.frigo-parts.com\/wp-content\/uploads\/2025\/11\/cgv-1.png\",\"contentUrl\":\"https:\/\/www.frigo-parts.com\/wp-content\/uploads\/2025\/11\/cgv-1.png\"},{\"@type\":\"BreadcrumbList\",\"@id\":\"https:\/\/www.frigo-parts.com\/conditions-generales-de-vente\/#breadcrumb\",\"itemListElement\":[{\"@type\":\"ListItem\",\"position\":1,\"name\":\"Accueil\",\"item\":\"https:\/\/www.frigo-parts.com\/\"},{\"@type\":\"ListItem\",\"position\":2,\"name\":\"Conditions g\u00e9n\u00e9rales de vente\"}]},{\"@type\":\"WebSite\",\"@id\":\"https:\/\/www.frigo-parts.com\/#website\",\"url\":\"https:\/\/www.frigo-parts.com\/\",\"name\":\"Frigo Parts\",\"description\":\"\",\"publisher\":{\"@id\":\"https:\/\/www.frigo-parts.com\/#organization\"},\"potentialAction\":[{\"@type\":\"SearchAction\",\"target\":{\"@type\":\"EntryPoint\",\"urlTemplate\":\"https:\/\/www.frigo-parts.com\/?s={search_term_string}\"},\"query-input\":{\"@type\":\"PropertyValueSpecification\",\"valueRequired\":true,\"valueName\":\"search_term_string\"}}],\"inLanguage\":\"es\"},{\"@type\":\"Organization\",\"@id\":\"https:\/\/www.frigo-parts.com\/#organization\",\"name\":\"Frigo Parts\",\"url\":\"https:\/\/www.frigo-parts.com\/\",\"logo\":{\"@type\":\"ImageObject\",\"inLanguage\":\"es\",\"@id\":\"https:\/\/www.frigo-parts.com\/#\/schema\/logo\/image\/\",\"url\":\"https:\/\/www.frigo-parts.com\/wp-content\/uploads\/2025\/11\/cropped-logo-1652192732.jpg\",\"contentUrl\":\"https:\/\/www.frigo-parts.com\/wp-content\/uploads\/2025\/11\/cropped-logo-1652192732.jpg\",\"width\":200,\"height\":64,\"caption\":\"Frigo Parts\"},\"image\":{\"@id\":\"https:\/\/www.frigo-parts.com\/#\/schema\/logo\/image\/\"}}]}<\/script>\n<!-- \/ Yoast SEO plugin. -->","yoast_head_json":{"title":"Condiciones generales de venta","robots":{"index":"index","follow":"follow","max-snippet":"max-snippet:-1","max-image-preview":"max-image-preview:large","max-video-preview":"max-video-preview:-1"},"canonical":"https:\/\/www.frigo-parts.com\/es\/condiciones-generales-de-venta\/","og_locale":"es_ES","og_type":"article","og_title":"Conditions g\u00e9n\u00e9rales de vente","og_description":"Ces produits b\u00e9n\u00e9ficient d\u2019une garantie de 1 an \u00e0 partir de la date de livraison la date d\u2019achat. La garantie couvre les pannes et dysfonctionnements des pi\u00e8ces dans le cadre d\u2019une utilisation conforme \u00e0 la destination du produit et aux informations du manuel d\u2019utilisation. Pour \u00eatre pris en charge au titre de la garantie, la [&hellip;]","og_url":"https:\/\/www.frigo-parts.com\/es\/condiciones-generales-de-venta\/","og_site_name":"Frigo Parts","article_modified_time":"2025-12-09T15:38:55+00:00","og_image":[{"width":622,"height":159,"url":"https:\/\/www.frigo-parts.com\/wp-content\/uploads\/2025\/11\/cgv-1.png","type":"image\/png"}],"twitter_card":"summary_large_image","schema":{"@context":"https:\/\/schema.org","@graph":[{"@type":"WebPage","@id":"https:\/\/www.frigo-parts.com\/conditions-generales-de-vente\/","url":"https:\/\/www.frigo-parts.com\/conditions-generales-de-vente\/","name":"Condiciones generales de venta","isPartOf":{"@id":"https:\/\/www.frigo-parts.com\/#website"},"primaryImageOfPage":{"@id":"https:\/\/www.frigo-parts.com\/conditions-generales-de-vente\/#primaryimage"},"image":{"@id":"https:\/\/www.frigo-parts.com\/conditions-generales-de-vente\/#primaryimage"},"thumbnailUrl":"https:\/\/www.frigo-parts.com\/wp-content\/uploads\/2025\/11\/cgv-1.png","datePublished":"2020-06-01T14:12:32+00:00","dateModified":"2025-12-09T15:38:55+00:00","breadcrumb":{"@id":"https:\/\/www.frigo-parts.com\/conditions-generales-de-vente\/#breadcrumb"},"inLanguage":"es","potentialAction":[{"@type":"ReadAction","target":["https:\/\/www.frigo-parts.com\/conditions-generales-de-vente\/"]}]},{"@type":"ImageObject","inLanguage":"es","@id":"https:\/\/www.frigo-parts.com\/conditions-generales-de-vente\/#primaryimage","url":"https:\/\/www.frigo-parts.com\/wp-content\/uploads\/2025\/11\/cgv-1.png","contentUrl":"https:\/\/www.frigo-parts.com\/wp-content\/uploads\/2025\/11\/cgv-1.png"},{"@type":"BreadcrumbList","@id":"https:\/\/www.frigo-parts.com\/conditions-generales-de-vente\/#breadcrumb","itemListElement":[{"@type":"ListItem","position":1,"name":"Accueil","item":"https:\/\/www.frigo-parts.com\/"},{"@type":"ListItem","position":2,"name":"Conditions g\u00e9n\u00e9rales de vente"}]},{"@type":"WebSite","@id":"https:\/\/www.frigo-parts.com\/#website","url":"https:\/\/www.frigo-parts.com\/","name":"Piezas Frigo","description":"","publisher":{"@id":"https:\/\/www.frigo-parts.com\/#organization"},"potentialAction":[{"@type":"SearchAction","target":{"@type":"EntryPoint","urlTemplate":"https:\/\/www.frigo-parts.com\/?s={search_term_string}"},"query-input":{"@type":"PropertyValueSpecification","valueRequired":true,"valueName":"search_term_string"}}],"inLanguage":"es"},{"@type":"Organization","@id":"https:\/\/www.frigo-parts.com\/#organization","name":"Piezas Frigo","url":"https:\/\/www.frigo-parts.com\/","logo":{"@type":"ImageObject","inLanguage":"es","@id":"https:\/\/www.frigo-parts.com\/#\/schema\/logo\/image\/","url":"https:\/\/www.frigo-parts.com\/wp-content\/uploads\/2025\/11\/cropped-logo-1652192732.jpg","contentUrl":"https:\/\/www.frigo-parts.com\/wp-content\/uploads\/2025\/11\/cropped-logo-1652192732.jpg","width":200,"height":64,"caption":"Frigo Parts"},"image":{"@id":"https:\/\/www.frigo-parts.com\/#\/schema\/logo\/image\/"}}]}},"_links":{"self":[{"href":"https:\/\/www.frigo-parts.com\/es\/wp-json\/wp\/v2\/pages\/507","targetHints":{"allow":["GET"]}}],"collection":[{"href":"https:\/\/www.frigo-parts.com\/es\/wp-json\/wp\/v2\/pages"}],"about":[{"href":"https:\/\/www.frigo-parts.com\/es\/wp-json\/wp\/v2\/types\/page"}],"author":[{"embeddable":true,"href":"https:\/\/www.frigo-parts.com\/es\/wp-json\/wp\/v2\/users\/1"}],"replies":[{"embeddable":true,"href":"https:\/\/www.frigo-parts.com\/es\/wp-json\/wp\/v2\/comments?post=507"}],"version-history":[{"count":13,"href":"https:\/\/www.frigo-parts.com\/es\/wp-json\/wp\/v2\/pages\/507\/revisions"}],"predecessor-version":[{"id":6283,"href":"https:\/\/www.frigo-parts.com\/es\/wp-json\/wp\/v2\/pages\/507\/revisions\/6283"}],"wp:attachment":[{"href":"https:\/\/www.frigo-parts.com\/es\/wp-json\/wp\/v2\/media?parent=507"}],"curies":[{"name":"wp","href":"https:\/\/api.w.org\/{rel}","templated":true}]}}