{"id":507,"date":"2020-06-01T14:12:32","date_gmt":"2020-06-01T14:12:32","guid":{"rendered":"https:\/\/themebing.com\/wp\/automax\/?page_id=507"},"modified":"2025-12-09T16:38:55","modified_gmt":"2025-12-09T15:38:55","slug":"allgemeine-geschaftsbedingungen","status":"publish","type":"page","link":"https:\/\/www.frigo-parts.com\/de\/allgemeine-geschaftsbedingungen\/","title":{"rendered":"Allgemeine Gesch\u00e4ftsbedingungen"},"content":{"rendered":"<div data-elementor-type=\"wp-page\" data-elementor-id=\"507\" class=\"elementor elementor-507\" data-elementor-post-type=\"page\">\n\t\t\t\t\t\t<section class=\"elementor-section elementor-top-section elementor-element elementor-element-7a5a87d2 elementor-section-boxed elementor-section-height-default elementor-section-height-default\" data-id=\"7a5a87d2\" data-element_type=\"section\">\n\t\t\t\t\t\t<div class=\"elementor-container elementor-column-gap-default\">\n\t\t\t\t\t<div class=\"elementor-column elementor-col-100 elementor-top-column elementor-element elementor-element-78dab1ce\" data-id=\"78dab1ce\" data-element_type=\"column\">\n\t\t\t<div class=\"elementor-widget-wrap elementor-element-populated\">\n\t\t\t\t\t\t<div class=\"elementor-element elementor-element-de556ea elementor-widget elementor-widget-image\" data-id=\"de556ea\" data-element_type=\"widget\" data-widget_type=\"image.default\">\n\t\t\t\t\t\t\t\t\t\t\t\t\t\t\t<img fetchpriority=\"high\" decoding=\"async\" width=\"622\" height=\"159\" src=\"https:\/\/www.frigo-parts.com\/wp-content\/uploads\/2025\/11\/cgv-1.png\" class=\"attachment-full size-full wp-image-5604\" alt=\"\" srcset=\"https:\/\/www.frigo-parts.com\/wp-content\/uploads\/2025\/11\/cgv-1.png 622w, https:\/\/www.frigo-parts.com\/wp-content\/uploads\/2025\/11\/cgv-1-300x77.png 300w, https:\/\/www.frigo-parts.com\/wp-content\/uploads\/2025\/11\/cgv-1-600x153.png 600w\" sizes=\"(max-width: 622px) 100vw, 622px\" \/>\t\t\t\t\t\t\t\t\t\t\t\t\t\t\t<\/div>\n\t\t\t\t<div class=\"elementor-element elementor-element-7f30555f elementor-widget elementor-widget-text-editor\" data-id=\"7f30555f\" data-element_type=\"widget\" data-widget_type=\"text-editor.default\">\n\t\t\t\t\t\t\t\t\t<p dir=\"ltr\">F\u00fcr diese Produkte gilt eine Garantie von einem Jahr ab Lieferdatum das Kaufdatum.<\/p><p dir=\"ltr\">Die Garantie deckt Ausf\u00e4lle und Fehlfunktionen von Teilen bei bestimmungsgem\u00e4\u00dfem Gebrauch des Produkts und gem\u00e4\u00df den Informationen in der Bedienungsanleitung ab.<\/p><p dir=\"ltr\">Damit die Garantie in Anspruch genommen werden kann, ist ein Kaufnachweis (Rechnung) erforderlich und die Produkte m\u00fcssen vollst\u00e4ndig mit allem Zubeh\u00f6r sein.<\/p><p dir=\"ltr\">Die Garantieklausel gilt nicht f\u00fcr Sch\u00e4den, die durch normalen Verschlei\u00df, mangelnde Wartung, Nachl\u00e4ssigkeit, fehlerhafte Montage oder unsachgem\u00e4\u00dfe Verwendung (Schock, Nichteinhaltung der Empfehlungen f\u00fcr die Stromversorgung, Lagerung, Nutzungsbedingungen usw.) entstehen.<\/p><p dir=\"ltr\">Die Garantie gilt nicht f\u00fcr Staub- und Abfallablagerungen, die sich auf den inneren oder \u00e4u\u00dferen Oberfl\u00e4chen des Produkts und des angeschlossenen Abflusssystems (Schl\u00e4uche) aufgrund von schlechter Wartung ansammeln k\u00f6nnen.<\/p><p dir=\"ltr\">Ebenfalls von der Garantie ausgeschlossen sind sch\u00e4dliche Folgen, die auf die Verwendung von nicht originalem oder ungeeignetem Zubeh\u00f6r oder Ersatzteilen, auf die Demontage oder Ver\u00e4nderung des Ger\u00e4ts zur\u00fcckzuf\u00fchren sind.<\/p><h3 dir=\"ltr\"><strong>GESCH\u00c4FTSBEDINGUNGEN<\/strong><\/h3><h5 dir=\"ltr\"><strong>Klausel Nr. 1<\/strong> : Betreff<\/h5><p dir=\"ltr\">Die im Folgenden beschriebenen Allgemeinen Gesch\u00e4ftsbedingungen legen die Rechte und Pflichten der Firma SAROUL SAS und ihres Kunden im Rahmen des Verkaufs der folgenden Waren detailliert dar: Ersatzteile und alle Zubeh\u00f6rteile und Ausr\u00fcstungen, die mit diesen verbunden sind. Jede von der Firma SAROUL SAS erbrachte Leistung setzt somit die vorbehaltlose Zustimmung des K\u00e4ufers zu den vorliegenden Allgemeinen Gesch\u00e4ftsbedingungen voraus.<\/p><h5 dir=\"ltr\"><strong>Klausel Nr. 2<\/strong> : Preis<\/h5><p dir=\"ltr\">Die Preise der verkauften Waren sind die am Tag der Bestellungsannahme g\u00fcltigen Preise. Sie sind in Euro angegeben und werden ohne Steuern berechnet. Folglich werden sie um den am Tag der Bestellung geltenden Mehrwertsteuersatz und die Transportkosten erh\u00f6ht.<\/p><p dir=\"ltr\">Die Firma SAROUL SAS beh\u00e4lt sich das Recht vor, ihre Preise jederzeit zu \u00e4ndern. Sie verpflichtet sich jedoch, die bestellten Waren zu den Preisen in Rechnung zu stellen, die bei der Registrierung der Bestellung angegeben wurden.<\/p><h5 dir=\"ltr\"><strong>Klausel Nr. 3<\/strong> : Rabatte und Preisnachl\u00e4sse<\/h5><p dir=\"ltr\">Die angebotenen Preise beinhalten Rabatte und Nachl\u00e4sse, die die Firma SAROUL SAS aufgrund ihrer Ergebnisse oder der \u00dcbernahme bestimmter Leistungen durch den K\u00e4ufer gew\u00e4hren k\u00f6nnte.<\/p><h5 dir=\"ltr\"><strong>Klausel Nr. 4<\/strong> : Skonto<\/h5><p dir=\"ltr\">Bei Vorauszahlung wird ein Skonto von 1% gew\u00e4hrt.<\/p><h5 dir=\"ltr\"><strong>Klausel Nr. 5<\/strong> : Zahlungsmodalit\u00e4ten<\/h5><p dir=\"ltr\">Die Bezahlung der Bestellungen erfolgt: entweder per Scheck, per \u00dcberweisung oder per Kreditkarte.<\/p><p dir=\"ltr\">Bei der Registrierung der Bestellung muss der K\u00e4ufer eine Anzahlung in H\u00f6he von 30% des Gesamtrechnungsbetrags leisten, der Restbetrag ist bei Lieferung des fertigen Produkts zu zahlen (es sei denn, zwischen dem K\u00e4ufer und der Firma SAROUL SAS wurde etwas anderes vereinbart).<\/p><h5 dir=\"ltr\"><strong>Klausel Nr. 6<\/strong> : Versp\u00e4tete Zahlung<\/h5><p dir=\"ltr\">Im Falle einer vollst\u00e4ndigen oder teilweisen Nichtzahlung der gelieferten Waren am Tag des Empfangs muss der K\u00e4ufer der Firma SAROUL SAS eine Verzugsstrafe in H\u00f6he des dreifachen gesetzlichen Zinssatzes zahlen.<\/p><p dir=\"ltr\">Als gesetzlicher Zinssatz wird der am Tag der Lieferung der Waren geltende Zinssatz zugrunde gelegt.<\/p><p dir=\"ltr\">Diese Strafe wird auf den Betrag inklusive Mehrwertsteuer des ausstehenden Betrags berechnet und l\u00e4uft ab dem F\u00e4lligkeitsdatum des Preises, ohne dass es einer vorherigen Inverzugsetzung bedarf.<\/p><p dir=\"ltr\">Zus\u00e4tzlich zu den Verzugsentsch\u00e4digungen wird f\u00fcr jede Summe, einschlie\u00dflich der Anzahlung, die nicht bis zu ihrem F\u00e4lligkeitsdatum gezahlt wurde, von Rechts wegen eine Pauschalentsch\u00e4digung von 40 Euro f\u00e4llig, die als Einziehungskosten zu zahlen ist.<\/p><p dir=\"ltr\">Artikel 441-6, I Abs. 12 und D. 441-5 des Handelsgesetzbuchs.<\/p><h5 dir=\"ltr\"><strong>Klausel Nr. 7<\/strong> : Aufl\u00f6sungsklausel<\/h5><p dir=\"ltr\">Wenn der K\u00e4ufer innerhalb von vierzehn Tagen nach Anwendung der Klausel \u201dZahlungsverzug\u201c die noch ausstehenden Betr\u00e4ge nicht beglichen hat, wird der Verkauf von Rechts wegen aufgel\u00f6st und kann zu Schadensersatzanspr\u00fcchen zugunsten des Unternehmens berechtigen.<\/p><p dir=\"ltr\">SAROUL SAS.<\/p><h5 dir=\"ltr\"><strong>Klausel Nr. 8<\/strong> : Klausel zum Eigentumsvorbehalt<\/h5><p dir=\"ltr\">Die SAROUL SAS beh\u00e4lt das Eigentum an den verkauften Waren bis zur vollst\u00e4ndigen Bezahlung des Preises, in Haupt- und Nebenbetr\u00e4gen. In diesem Zusammenhang beh\u00e4lt sich die SAROUL SAS das Recht vor, die verkauften und unbezahlten Waren im Rahmen des Kollektivverfahrens zu beanspruchen, wenn der K\u00e4ufer Gegenstand eines Sanierungsverfahrens oder einer gerichtlichen Liquidation ist.<\/p><h5 dir=\"ltr\"><strong>Klausel Nr. 9<\/strong> : Lieferung<\/h5><p dir=\"ltr\">Die Lieferung erfolgt :<\/p><p dir=\"ltr\">Entweder durch die direkte \u00dcbergabe der Ware an den K\u00e4ufer.<\/p><p dir=\"ltr\">Entweder durch die Versendung einer Mitteilung \u00fcber die Bereitstellung im Gesch\u00e4ft an den K\u00e4ufer.<\/p><p dir=\"ltr\">Entweder an dem Ort, den der K\u00e4ufer auf dem Bestellschein angibt.<\/p><p dir=\"ltr\">Die bei der Registrierung der Bestellung angegebene Lieferzeit dient nur zur Orientierung und wird in keiner Weise garantiert.<\/p><p dir=\"ltr\">Infolgedessen kann jede angemessene Verz\u00f6gerung bei der Lieferung der Produkte den K\u00e4ufer nicht dazu berechtigen, :<\/p><p dir=\"ltr\">Die Zuerkennung von Schadensersatz, die Stornierung der Bestellung.<\/p><p dir=\"ltr\">Das gesamte Transportrisiko tr\u00e4gt der K\u00e4ufer.<\/p><p dir=\"ltr\">Im Falle fehlender oder w\u00e4hrend des Transports besch\u00e4digter Waren muss der K\u00e4ufer bei Erhalt der Waren alle notwendigen Vorbehalte auf dem Lieferschein vermerken. Diese Vorbehalte m\u00fcssen au\u00dferdem innerhalb von f\u00fcnf Tagen nach der Lieferung schriftlich per Einschreiben AR best\u00e4tigt werden.<\/p><h5 dir=\"ltr\"><strong>Klausel Nr. 10<\/strong> : H\u00f6here Gewalt<\/h5><p dir=\"ltr\">Die SAROUL SAS kann nicht haftbar gemacht werden, wenn die Nichtausf\u00fchrung oder die versp\u00e4tete Ausf\u00fchrung einer ihrer in den vorliegenden Allgemeinen Gesch\u00e4ftsbedingungen beschriebenen Verpflichtungen auf h\u00f6here Gewalt zur\u00fcckzuf\u00fchren ist. In diesem Zusammenhang versteht man unter h\u00f6herer Gewalt jedes von au\u00dfen kommende, unvorhersehbare und unwiderstehliche Ereignis im Sinne von Artikel 1148 des Zivilgesetzbuches.<\/p><h5 dir=\"ltr\"><strong>Klausel Nr. 11<\/strong> : Zust\u00e4ndiges Gericht<\/h5><p dir=\"ltr\">Alle Streitigkeiten in Bezug auf die Auslegung und Ausf\u00fchrung dieser Allgemeinen Gesch\u00e4ftsbedingungen unterliegen dem franz\u00f6sischen Recht.<\/p><p dir=\"ltr\">Wenn keine g\u00fctliche Einigung erzielt werden kann, wird der Streitfall vor das Handelsgericht Cr\u00e9teil (94) gebracht.<\/p>\t\t\t\t\t\t\t\t<\/div>\n\t\t\t\t\t<\/div>\n\t\t<\/div>\n\t\t\t\t\t<\/div>\n\t\t<\/section>\n\t\t\t\t<\/div>","protected":false},"excerpt":{"rendered":"<p>Ces produits b\u00e9n\u00e9ficient d\u2019une garantie de 1 an \u00e0 partir de la date de livraison la date d\u2019achat. La garantie couvre les pannes et dysfonctionnements des pi\u00e8ces dans le cadre d\u2019une utilisation conforme \u00e0 la destination du produit et aux informations du manuel d\u2019utilisation. Pour \u00eatre pris en charge au titre de la garantie, la [&hellip;]<\/p>","protected":false},"author":1,"featured_media":0,"parent":0,"menu_order":0,"comment_status":"closed","ping_status":"closed","template":"custom-page.php","meta":{"footnotes":""},"class_list":["post-507","page","type-page","status-publish","hentry"],"yoast_head":"<!-- This site is optimized with the Yoast SEO plugin v26.4 - https:\/\/yoast.com\/wordpress\/plugins\/seo\/ -->\n<title>Conditions g\u00e9n\u00e9rales de vente<\/title>\n<meta name=\"robots\" content=\"index, follow, max-snippet:-1, max-image-preview:large, max-video-preview:-1\" \/>\n<link rel=\"canonical\" href=\"https:\/\/www.frigo-parts.com\/de\/allgemeine-geschaftsbedingungen\/\" \/>\n<meta property=\"og:locale\" content=\"de_DE\" \/>\n<meta property=\"og:type\" content=\"article\" \/>\n<meta property=\"og:title\" content=\"Conditions g\u00e9n\u00e9rales de vente\" \/>\n<meta property=\"og:description\" content=\"Ces produits b\u00e9n\u00e9ficient d\u2019une garantie de 1 an \u00e0 partir de la date de livraison la date d\u2019achat. La garantie couvre les pannes et dysfonctionnements des pi\u00e8ces dans le cadre d\u2019une utilisation conforme \u00e0 la destination du produit et aux informations du manuel d\u2019utilisation. Pour \u00eatre pris en charge au titre de la garantie, la [&hellip;]\" \/>\n<meta property=\"og:url\" content=\"https:\/\/www.frigo-parts.com\/de\/allgemeine-geschaftsbedingungen\/\" \/>\n<meta property=\"og:site_name\" content=\"Frigo Parts\" \/>\n<meta property=\"article:modified_time\" content=\"2025-12-09T15:38:55+00:00\" \/>\n<meta property=\"og:image\" content=\"https:\/\/www.frigo-parts.com\/wp-content\/uploads\/2025\/11\/cgv-1.png\" \/>\n\t<meta property=\"og:image:width\" content=\"622\" \/>\n\t<meta property=\"og:image:height\" content=\"159\" \/>\n\t<meta property=\"og:image:type\" content=\"image\/png\" \/>\n<meta name=\"twitter:card\" content=\"summary_large_image\" \/>\n<script type=\"application\/ld+json\" class=\"yoast-schema-graph\">{\"@context\":\"https:\/\/schema.org\",\"@graph\":[{\"@type\":\"WebPage\",\"@id\":\"https:\/\/www.frigo-parts.com\/conditions-generales-de-vente\/\",\"url\":\"https:\/\/www.frigo-parts.com\/conditions-generales-de-vente\/\",\"name\":\"Conditions g\u00e9n\u00e9rales de vente\",\"isPartOf\":{\"@id\":\"https:\/\/www.frigo-parts.com\/#website\"},\"primaryImageOfPage\":{\"@id\":\"https:\/\/www.frigo-parts.com\/conditions-generales-de-vente\/#primaryimage\"},\"image\":{\"@id\":\"https:\/\/www.frigo-parts.com\/conditions-generales-de-vente\/#primaryimage\"},\"thumbnailUrl\":\"https:\/\/www.frigo-parts.com\/wp-content\/uploads\/2025\/11\/cgv-1.png\",\"datePublished\":\"2020-06-01T14:12:32+00:00\",\"dateModified\":\"2025-12-09T15:38:55+00:00\",\"breadcrumb\":{\"@id\":\"https:\/\/www.frigo-parts.com\/conditions-generales-de-vente\/#breadcrumb\"},\"inLanguage\":\"de\",\"potentialAction\":[{\"@type\":\"ReadAction\",\"target\":[\"https:\/\/www.frigo-parts.com\/conditions-generales-de-vente\/\"]}]},{\"@type\":\"ImageObject\",\"inLanguage\":\"de\",\"@id\":\"https:\/\/www.frigo-parts.com\/conditions-generales-de-vente\/#primaryimage\",\"url\":\"https:\/\/www.frigo-parts.com\/wp-content\/uploads\/2025\/11\/cgv-1.png\",\"contentUrl\":\"https:\/\/www.frigo-parts.com\/wp-content\/uploads\/2025\/11\/cgv-1.png\"},{\"@type\":\"BreadcrumbList\",\"@id\":\"https:\/\/www.frigo-parts.com\/conditions-generales-de-vente\/#breadcrumb\",\"itemListElement\":[{\"@type\":\"ListItem\",\"position\":1,\"name\":\"Accueil\",\"item\":\"https:\/\/www.frigo-parts.com\/\"},{\"@type\":\"ListItem\",\"position\":2,\"name\":\"Conditions g\u00e9n\u00e9rales de vente\"}]},{\"@type\":\"WebSite\",\"@id\":\"https:\/\/www.frigo-parts.com\/#website\",\"url\":\"https:\/\/www.frigo-parts.com\/\",\"name\":\"Frigo Parts\",\"description\":\"\",\"publisher\":{\"@id\":\"https:\/\/www.frigo-parts.com\/#organization\"},\"potentialAction\":[{\"@type\":\"SearchAction\",\"target\":{\"@type\":\"EntryPoint\",\"urlTemplate\":\"https:\/\/www.frigo-parts.com\/?s={search_term_string}\"},\"query-input\":{\"@type\":\"PropertyValueSpecification\",\"valueRequired\":true,\"valueName\":\"search_term_string\"}}],\"inLanguage\":\"de\"},{\"@type\":\"Organization\",\"@id\":\"https:\/\/www.frigo-parts.com\/#organization\",\"name\":\"Frigo Parts\",\"url\":\"https:\/\/www.frigo-parts.com\/\",\"logo\":{\"@type\":\"ImageObject\",\"inLanguage\":\"de\",\"@id\":\"https:\/\/www.frigo-parts.com\/#\/schema\/logo\/image\/\",\"url\":\"https:\/\/www.frigo-parts.com\/wp-content\/uploads\/2025\/11\/cropped-logo-1652192732.jpg\",\"contentUrl\":\"https:\/\/www.frigo-parts.com\/wp-content\/uploads\/2025\/11\/cropped-logo-1652192732.jpg\",\"width\":200,\"height\":64,\"caption\":\"Frigo Parts\"},\"image\":{\"@id\":\"https:\/\/www.frigo-parts.com\/#\/schema\/logo\/image\/\"}}]}<\/script>\n<!-- \/ Yoast SEO plugin. -->","yoast_head_json":{"title":"Allgemeine Gesch\u00e4ftsbedingungen","robots":{"index":"index","follow":"follow","max-snippet":"max-snippet:-1","max-image-preview":"max-image-preview:large","max-video-preview":"max-video-preview:-1"},"canonical":"https:\/\/www.frigo-parts.com\/de\/allgemeine-geschaftsbedingungen\/","og_locale":"de_DE","og_type":"article","og_title":"Conditions g\u00e9n\u00e9rales de vente","og_description":"Ces produits b\u00e9n\u00e9ficient d\u2019une garantie de 1 an \u00e0 partir de la date de livraison la date d\u2019achat. La garantie couvre les pannes et dysfonctionnements des pi\u00e8ces dans le cadre d\u2019une utilisation conforme \u00e0 la destination du produit et aux informations du manuel d\u2019utilisation. Pour \u00eatre pris en charge au titre de la garantie, la [&hellip;]","og_url":"https:\/\/www.frigo-parts.com\/de\/allgemeine-geschaftsbedingungen\/","og_site_name":"Frigo Parts","article_modified_time":"2025-12-09T15:38:55+00:00","og_image":[{"width":622,"height":159,"url":"https:\/\/www.frigo-parts.com\/wp-content\/uploads\/2025\/11\/cgv-1.png","type":"image\/png"}],"twitter_card":"summary_large_image","schema":{"@context":"https:\/\/schema.org","@graph":[{"@type":"WebPage","@id":"https:\/\/www.frigo-parts.com\/conditions-generales-de-vente\/","url":"https:\/\/www.frigo-parts.com\/conditions-generales-de-vente\/","name":"Allgemeine Gesch\u00e4ftsbedingungen","isPartOf":{"@id":"https:\/\/www.frigo-parts.com\/#website"},"primaryImageOfPage":{"@id":"https:\/\/www.frigo-parts.com\/conditions-generales-de-vente\/#primaryimage"},"image":{"@id":"https:\/\/www.frigo-parts.com\/conditions-generales-de-vente\/#primaryimage"},"thumbnailUrl":"https:\/\/www.frigo-parts.com\/wp-content\/uploads\/2025\/11\/cgv-1.png","datePublished":"2020-06-01T14:12:32+00:00","dateModified":"2025-12-09T15:38:55+00:00","breadcrumb":{"@id":"https:\/\/www.frigo-parts.com\/conditions-generales-de-vente\/#breadcrumb"},"inLanguage":"de","potentialAction":[{"@type":"ReadAction","target":["https:\/\/www.frigo-parts.com\/conditions-generales-de-vente\/"]}]},{"@type":"ImageObject","inLanguage":"de","@id":"https:\/\/www.frigo-parts.com\/conditions-generales-de-vente\/#primaryimage","url":"https:\/\/www.frigo-parts.com\/wp-content\/uploads\/2025\/11\/cgv-1.png","contentUrl":"https:\/\/www.frigo-parts.com\/wp-content\/uploads\/2025\/11\/cgv-1.png"},{"@type":"BreadcrumbList","@id":"https:\/\/www.frigo-parts.com\/conditions-generales-de-vente\/#breadcrumb","itemListElement":[{"@type":"ListItem","position":1,"name":"Accueil","item":"https:\/\/www.frigo-parts.com\/"},{"@type":"ListItem","position":2,"name":"Conditions g\u00e9n\u00e9rales de vente"}]},{"@type":"WebSite","@id":"https:\/\/www.frigo-parts.com\/#website","url":"https:\/\/www.frigo-parts.com\/","name":"Frigo Parts","description":"","publisher":{"@id":"https:\/\/www.frigo-parts.com\/#organization"},"potentialAction":[{"@type":"SearchAction","target":{"@type":"EntryPoint","urlTemplate":"https:\/\/www.frigo-parts.com\/?s={search_term_string}"},"query-input":{"@type":"PropertyValueSpecification","valueRequired":true,"valueName":"search_term_string"}}],"inLanguage":"de"},{"@type":"Organization","@id":"https:\/\/www.frigo-parts.com\/#organization","name":"Frigo Parts","url":"https:\/\/www.frigo-parts.com\/","logo":{"@type":"ImageObject","inLanguage":"de","@id":"https:\/\/www.frigo-parts.com\/#\/schema\/logo\/image\/","url":"https:\/\/www.frigo-parts.com\/wp-content\/uploads\/2025\/11\/cropped-logo-1652192732.jpg","contentUrl":"https:\/\/www.frigo-parts.com\/wp-content\/uploads\/2025\/11\/cropped-logo-1652192732.jpg","width":200,"height":64,"caption":"Frigo Parts"},"image":{"@id":"https:\/\/www.frigo-parts.com\/#\/schema\/logo\/image\/"}}]}},"_links":{"self":[{"href":"https:\/\/www.frigo-parts.com\/de\/wp-json\/wp\/v2\/pages\/507","targetHints":{"allow":["GET"]}}],"collection":[{"href":"https:\/\/www.frigo-parts.com\/de\/wp-json\/wp\/v2\/pages"}],"about":[{"href":"https:\/\/www.frigo-parts.com\/de\/wp-json\/wp\/v2\/types\/page"}],"author":[{"embeddable":true,"href":"https:\/\/www.frigo-parts.com\/de\/wp-json\/wp\/v2\/users\/1"}],"replies":[{"embeddable":true,"href":"https:\/\/www.frigo-parts.com\/de\/wp-json\/wp\/v2\/comments?post=507"}],"version-history":[{"count":13,"href":"https:\/\/www.frigo-parts.com\/de\/wp-json\/wp\/v2\/pages\/507\/revisions"}],"predecessor-version":[{"id":6283,"href":"https:\/\/www.frigo-parts.com\/de\/wp-json\/wp\/v2\/pages\/507\/revisions\/6283"}],"wp:attachment":[{"href":"https:\/\/www.frigo-parts.com\/de\/wp-json\/wp\/v2\/media?parent=507"}],"curies":[{"name":"wp","href":"https:\/\/api.w.org\/{rel}","templated":true}]}}