{"id":6011,"date":"2025-11-25T12:50:53","date_gmt":"2025-11-25T11:50:53","guid":{"rendered":"https:\/\/www.frigo-parts.com\/?page_id=6011"},"modified":"2025-12-09T16:31:47","modified_gmt":"2025-12-09T15:31:47","slug":"%d8%a7%d9%84%d8%aa%d9%88%d8%b5%d9%8a%d9%84","status":"publish","type":"page","link":"https:\/\/www.frigo-parts.com\/ar\/%d8%a7%d9%84%d8%aa%d9%88%d8%b5%d9%8a%d9%84\/","title":{"rendered":"\u0627\u0644\u062a\u0648\u0635\u064a\u0644"},"content":{"rendered":"<div data-elementor-type=\"wp-page\" data-elementor-id=\"6011\" class=\"elementor elementor-6011\" data-elementor-post-type=\"page\">\n\t\t\t\t\t\t<section class=\"elementor-section elementor-top-section elementor-element elementor-element-3d88579 elementor-section-boxed elementor-section-height-default elementor-section-height-default\" data-id=\"3d88579\" data-element_type=\"section\">\n\t\t\t\t\t\t<div class=\"elementor-container elementor-column-gap-default\">\n\t\t\t\t\t<div class=\"elementor-column elementor-col-50 elementor-top-column elementor-element elementor-element-96bd522\" data-id=\"96bd522\" data-element_type=\"column\">\n\t\t\t<div class=\"elementor-widget-wrap elementor-element-populated\">\n\t\t\t\t\t\t<div class=\"elementor-element elementor-element-4585bdb elementor-widget elementor-widget-text-editor\" data-id=\"4585bdb\" data-element_type=\"widget\" data-widget_type=\"text-editor.default\">\n\t\t\t\t\t\t\t\t\t<p><strong><span class=\"group\/language-learning cursor-pointer\"><span class=\"group-hover\/language-learning:border-foreground border-subtle cursor-pointer hyphens-auto break-words border-b-2 border-dotted outline-none transition-colors duration-200 ease-out font-sans text-base font-medium text-foreground selection:bg-super\/50 selection:text-foreground dark:selection:bg-super\/10 dark:selection:text-super\">\u0634\u062d\u0646 \u0637\u0644\u0628\u0643 \u0639\u0646 \u0637\u0631\u064a\u0642 TNT FEDEX \u0644\u062c\u0645\u064a\u0639 \u0627\u0644\u0637\u0644\u0628\u0627\u062a \u0627\u0644\u0645\u0633\u062a\u0644\u0645\u0629 \u0642\u0628\u0644 \u0627\u0644\u0633\u0627\u0639\u0629 12:00.<\/span><\/span><\/strong><\/p><p>\u0646\u062d\u0646 \u0646\u0636\u0645\u0646 \u0644\u0643 \u0645\u0639\u0627\u0644\u062c\u0629 \u0633\u0631\u064a\u0639\u0629 \u0648\u0641\u0639\u0627\u0644\u0629 \u0644\u0637\u0644\u0628\u0627\u062a\u0643 \u062d\u062a\u0649 \u062a\u062a\u0644\u0642\u0649 \u0645\u0646\u062a\u062c\u0627\u062a\u0643 \u0641\u064a \u0623\u0633\u0631\u0639 \u0648\u0642\u062a \u0645\u0645\u0643\u0646.<\/p><p>\u0648\u0628\u0641\u0636\u0644 \u0634\u0631\u0627\u0643\u062a\u0646\u0627 \u0645\u0639 \u0634\u0631\u0643\u0627\u062a \u0627\u0644\u0646\u0642\u0644 \u0627\u0644\u0634\u0647\u064a\u0631\u0629 \u0645\u062b\u0644 TNT \u0648FedEx\u060c \u0641\u0625\u0646 \u0627\u0644\u062a\u0633\u0644\u064a\u0645 \u0645\u0648\u062b\u0648\u0642 \u0648\u0622\u0645\u0646.<\/p><p>\u0633\u064a\u062a\u0645 \u0625\u0631\u0633\u0627\u0644 \u062c\u0645\u064a\u0639 \u0627\u0644\u0637\u0644\u0628\u0627\u062a \u0627\u0644\u062a\u064a \u062a\u0645 \u0627\u0644\u062a\u062d\u0642\u0642 \u0645\u0646 \u0635\u062d\u062a\u0647\u0627 \u0642\u0628\u0644 \u0627\u0644\u0638\u0647\u064a\u0631\u0629 \u0641\u064a \u0646\u0641\u0633 \u0627\u0644\u064a\u0648\u0645\u060c \u0645\u0645\u0627 \u064a\u0636\u0645\u0646 \u062a\u0642\u062f\u064a\u0645 \u0623\u0641\u0636\u0644 \u062e\u062f\u0645\u0629 \u0648\u062a\u062d\u0642\u064a\u0642 \u0623\u0642\u0635\u0649 \u0642\u062f\u0631 \u0645\u0646 \u0631\u0636\u0627 \u0627\u0644\u0639\u0645\u0644\u0627\u0621.<\/p>\t\t\t\t\t\t\t\t<\/div>\n\t\t\t\t\t<\/div>\n\t\t<\/div>\n\t\t\t\t<div class=\"elementor-column elementor-col-50 elementor-top-column elementor-element elementor-element-9f9816f\" data-id=\"9f9816f\" data-element_type=\"column\">\n\t\t\t<div class=\"elementor-widget-wrap elementor-element-populated\">\n\t\t\t\t\t\t<div class=\"elementor-element elementor-element-5a217ac elementor-widget elementor-widget-image\" data-id=\"5a217ac\" data-element_type=\"widget\" data-widget_type=\"image.default\">\n\t\t\t\t\t\t\t\t\t\t\t\t\t\t\t<img fetchpriority=\"high\" decoding=\"async\" width=\"1024\" height=\"600\" src=\"https:\/\/www.frigo-parts.com\/wp-content\/uploads\/2025\/11\/Fedex-logo-1.png\" class=\"attachment-full size-full wp-image-6017\" alt=\"\" srcset=\"https:\/\/www.frigo-parts.com\/wp-content\/uploads\/2025\/11\/Fedex-logo-1.png 1024w, https:\/\/www.frigo-parts.com\/wp-content\/uploads\/2025\/11\/Fedex-logo-1-300x176.png 300w, https:\/\/www.frigo-parts.com\/wp-content\/uploads\/2025\/11\/Fedex-logo-1-768x450.png 768w, https:\/\/www.frigo-parts.com\/wp-content\/uploads\/2025\/11\/Fedex-logo-1-600x352.png 600w\" sizes=\"(max-width: 1024px) 100vw, 1024px\" \/>\t\t\t\t\t\t\t\t\t\t\t\t\t\t\t<\/div>\n\t\t\t\t\t<\/div>\n\t\t<\/div>\n\t\t\t\t\t<\/div>\n\t\t<\/section>\n\t\t\t\t<section class=\"elementor-section elementor-top-section elementor-element elementor-element-a43ee30 elementor-section-stretched elementor-section-boxed elementor-section-height-default elementor-section-height-default\" data-id=\"a43ee30\" data-element_type=\"section\" data-settings=\"{&quot;background_background&quot;:&quot;classic&quot;,&quot;stretch_section&quot;:&quot;section-stretched&quot;}\">\n\t\t\t\t\t\t\t<div class=\"elementor-background-overlay\"><\/div>\n\t\t\t\t\t\t\t<div class=\"elementor-container elementor-column-gap-default\">\n\t\t\t\t\t<div class=\"elementor-column elementor-col-66 elementor-top-column elementor-element elementor-element-1cde073\" data-id=\"1cde073\" data-element_type=\"column\">\n\t\t\t<div class=\"elementor-widget-wrap elementor-element-populated\">\n\t\t\t\t\t\t<div class=\"elementor-element elementor-element-877f987 elementor-widget elementor-widget-heading\" data-id=\"877f987\" data-element_type=\"widget\" data-widget_type=\"heading.default\">\n\t\t\t\t\t<h1 class=\"elementor-heading-title elementor-size-default\">\u0636\u0639 \u062e\u0637\u0629 \u062c\u064a\u062f\u0629 \u0648\u0627\u0633\u062a\u0641\u062f \u0645\u0646\u0647\u0627<\/h1>\t\t\t\t<\/div>\n\t\t\t\t<div class=\"elementor-element elementor-element-3be0aa1 promolink elementor-widget elementor-widget-heading\" data-id=\"3be0aa1\" data-element_type=\"widget\" data-widget_type=\"heading.default\">\n\t\t\t\t\t<h1 class=\"elementor-heading-title elementor-size-default\"><a href=\"https:\/\/www.frigo-parts.com\/ar\/%d9%85%d8%aa%d8%ac%d8%b1\/?filter=on_sale\">\u0639\u0631\u0648\u0636\u0646\u0627 \u0627\u0644\u062a\u0631\u0648\u064a\u062c\u064a\u0629<\/a><\/h1>\t\t\t\t<\/div>\n\t\t\t\t\t<\/div>\n\t\t<\/div>\n\t\t\t\t<div class=\"elementor-column elementor-col-33 elementor-top-column elementor-element elementor-element-87ea2c7\" data-id=\"87ea2c7\" data-element_type=\"column\">\n\t\t\t<div class=\"elementor-widget-wrap elementor-element-populated\">\n\t\t\t\t\t\t<div class=\"elementor-element elementor-element-a120e83 elementor-widget__width-initial elementor-absolute elementor-hidden-phone elementor-widget elementor-widget-image\" data-id=\"a120e83\" data-element_type=\"widget\" data-settings=\"{&quot;_position&quot;:&quot;absolute&quot;}\" data-widget_type=\"image.default\">\n\t\t\t\t\t\t\t\t\t\t\t\t\t\t\t<img decoding=\"async\" width=\"564\" height=\"516\" src=\"https:\/\/www.frigo-parts.com\/wp-content\/uploads\/2025\/11\/4353-large_default-600x600-2.png\" class=\"attachment-full size-full wp-image-5725\" alt=\"\" srcset=\"https:\/\/www.frigo-parts.com\/wp-content\/uploads\/2025\/11\/4353-large_default-600x600-2.png 564w, https:\/\/www.frigo-parts.com\/wp-content\/uploads\/2025\/11\/4353-large_default-600x600-2-300x274.png 300w\" sizes=\"(max-width: 564px) 100vw, 564px\" \/>\t\t\t\t\t\t\t\t\t\t\t\t\t\t\t<\/div>\n\t\t\t\t\t<\/div>\n\t\t<\/div>\n\t\t\t\t\t<\/div>\n\t\t<\/section>\n\t\t\t\t<\/div>","protected":false},"excerpt":{"rendered":"<p>Exp\u00e9dition de votre commande par TNT FEDEX pour toutes les commandes re\u00e7ues avant 12:00. Nous garantissons un traitement rapide et efficace de vos commandes afin que vous puissiez recevoir vos produits dans les meilleurs d\u00e9lais. Gr\u00e2ce \u00e0 notre partenariat avec des transporteurs renomm\u00e9s comme TNT et FedEx, la livraison est fiable et s\u00e9curis\u00e9e. Pour toute [&hellip;]<\/p>","protected":false},"author":1,"featured_media":0,"parent":0,"menu_order":0,"comment_status":"closed","ping_status":"closed","template":"custom-page.php","meta":{"footnotes":""},"class_list":["post-6011","page","type-page","status-publish","hentry"],"yoast_head":"<!-- This site is optimized with the Yoast SEO plugin v26.4 - https:\/\/yoast.com\/wordpress\/plugins\/seo\/ -->\n<title>Livraison<\/title>\n<meta name=\"robots\" content=\"index, follow, max-snippet:-1, max-image-preview:large, max-video-preview:-1\" \/>\n<link rel=\"canonical\" href=\"https:\/\/www.frigo-parts.com\/ar\/\u0627\u0644\u062a\u0648\u0635\u064a\u0644\/\" \/>\n<meta property=\"og:locale\" content=\"ar_AR\" \/>\n<meta property=\"og:type\" content=\"article\" \/>\n<meta property=\"og:title\" content=\"Livraison\" \/>\n<meta property=\"og:description\" content=\"Exp\u00e9dition de votre commande par TNT FEDEX pour toutes les commandes re\u00e7ues avant 12:00. Nous garantissons un traitement rapide et efficace de vos commandes afin que vous puissiez recevoir vos produits dans les meilleurs d\u00e9lais. Gr\u00e2ce \u00e0 notre partenariat avec des transporteurs renomm\u00e9s comme TNT et FedEx, la livraison est fiable et s\u00e9curis\u00e9e. Pour toute [&hellip;]\" \/>\n<meta property=\"og:url\" content=\"https:\/\/www.frigo-parts.com\/ar\/\u0627\u0644\u062a\u0648\u0635\u064a\u0644\/\" \/>\n<meta property=\"og:site_name\" content=\"Frigo Parts\" \/>\n<meta property=\"article:modified_time\" content=\"2025-12-09T15:31:47+00:00\" \/>\n<meta property=\"og:image\" content=\"https:\/\/www.frigo-parts.com\/wp-content\/uploads\/2025\/11\/Fedex-logo-1.png\" \/>\n\t<meta property=\"og:image:width\" content=\"1024\" \/>\n\t<meta property=\"og:image:height\" content=\"600\" \/>\n\t<meta property=\"og:image:type\" content=\"image\/png\" \/>\n<meta name=\"twitter:card\" content=\"summary_large_image\" \/>\n<script type=\"application\/ld+json\" class=\"yoast-schema-graph\">{\"@context\":\"https:\/\/schema.org\",\"@graph\":[{\"@type\":\"WebPage\",\"@id\":\"https:\/\/www.frigo-parts.com\/livraison\/\",\"url\":\"https:\/\/www.frigo-parts.com\/livraison\/\",\"name\":\"Livraison\",\"isPartOf\":{\"@id\":\"https:\/\/www.frigo-parts.com\/#website\"},\"primaryImageOfPage\":{\"@id\":\"https:\/\/www.frigo-parts.com\/livraison\/#primaryimage\"},\"image\":{\"@id\":\"https:\/\/www.frigo-parts.com\/livraison\/#primaryimage\"},\"thumbnailUrl\":\"https:\/\/www.frigo-parts.com\/wp-content\/uploads\/2025\/11\/Fedex-logo-1.png\",\"datePublished\":\"2025-11-25T11:50:53+00:00\",\"dateModified\":\"2025-12-09T15:31:47+00:00\",\"breadcrumb\":{\"@id\":\"https:\/\/www.frigo-parts.com\/livraison\/#breadcrumb\"},\"inLanguage\":\"ar\",\"potentialAction\":[{\"@type\":\"ReadAction\",\"target\":[\"https:\/\/www.frigo-parts.com\/livraison\/\"]}]},{\"@type\":\"ImageObject\",\"inLanguage\":\"ar\",\"@id\":\"https:\/\/www.frigo-parts.com\/livraison\/#primaryimage\",\"url\":\"https:\/\/www.frigo-parts.com\/wp-content\/uploads\/2025\/11\/Fedex-logo-1.png\",\"contentUrl\":\"https:\/\/www.frigo-parts.com\/wp-content\/uploads\/2025\/11\/Fedex-logo-1.png\"},{\"@type\":\"BreadcrumbList\",\"@id\":\"https:\/\/www.frigo-parts.com\/livraison\/#breadcrumb\",\"itemListElement\":[{\"@type\":\"ListItem\",\"position\":1,\"name\":\"Accueil\",\"item\":\"https:\/\/www.frigo-parts.com\/\"},{\"@type\":\"ListItem\",\"position\":2,\"name\":\"Livraison\"}]},{\"@type\":\"WebSite\",\"@id\":\"https:\/\/www.frigo-parts.com\/#website\",\"url\":\"https:\/\/www.frigo-parts.com\/\",\"name\":\"Frigo Parts\",\"description\":\"\",\"publisher\":{\"@id\":\"https:\/\/www.frigo-parts.com\/#organization\"},\"potentialAction\":[{\"@type\":\"SearchAction\",\"target\":{\"@type\":\"EntryPoint\",\"urlTemplate\":\"https:\/\/www.frigo-parts.com\/?s={search_term_string}\"},\"query-input\":{\"@type\":\"PropertyValueSpecification\",\"valueRequired\":true,\"valueName\":\"search_term_string\"}}],\"inLanguage\":\"ar\"},{\"@type\":\"Organization\",\"@id\":\"https:\/\/www.frigo-parts.com\/#organization\",\"name\":\"Frigo Parts\",\"url\":\"https:\/\/www.frigo-parts.com\/\",\"logo\":{\"@type\":\"ImageObject\",\"inLanguage\":\"ar\",\"@id\":\"https:\/\/www.frigo-parts.com\/#\/schema\/logo\/image\/\",\"url\":\"https:\/\/www.frigo-parts.com\/wp-content\/uploads\/2025\/11\/cropped-logo-1652192732.jpg\",\"contentUrl\":\"https:\/\/www.frigo-parts.com\/wp-content\/uploads\/2025\/11\/cropped-logo-1652192732.jpg\",\"width\":200,\"height\":64,\"caption\":\"Frigo Parts\"},\"image\":{\"@id\":\"https:\/\/www.frigo-parts.com\/#\/schema\/logo\/image\/\"}}]}<\/script>\n<!-- \/ Yoast SEO plugin. -->","yoast_head_json":{"title":"\u0627\u0644\u062a\u0648\u0635\u064a\u0644","robots":{"index":"index","follow":"follow","max-snippet":"max-snippet:-1","max-image-preview":"max-image-preview:large","max-video-preview":"max-video-preview:-1"},"canonical":"https:\/\/www.frigo-parts.com\/ar\/\u0627\u0644\u062a\u0648\u0635\u064a\u0644\/","og_locale":"ar_AR","og_type":"article","og_title":"Livraison","og_description":"Exp\u00e9dition de votre commande par TNT FEDEX pour toutes les commandes re\u00e7ues avant 12:00. Nous garantissons un traitement rapide et efficace de vos commandes afin que vous puissiez recevoir vos produits dans les meilleurs d\u00e9lais. Gr\u00e2ce \u00e0 notre partenariat avec des transporteurs renomm\u00e9s comme TNT et FedEx, la livraison est fiable et s\u00e9curis\u00e9e. Pour toute [&hellip;]","og_url":"https:\/\/www.frigo-parts.com\/ar\/\u0627\u0644\u062a\u0648\u0635\u064a\u0644\/","og_site_name":"Frigo Parts","article_modified_time":"2025-12-09T15:31:47+00:00","og_image":[{"width":1024,"height":600,"url":"https:\/\/www.frigo-parts.com\/wp-content\/uploads\/2025\/11\/Fedex-logo-1.png","type":"image\/png"}],"twitter_card":"summary_large_image","schema":{"@context":"https:\/\/schema.org","@graph":[{"@type":"WebPage","@id":"https:\/\/www.frigo-parts.com\/livraison\/","url":"https:\/\/www.frigo-parts.com\/livraison\/","name":"\u0627\u0644\u062a\u0648\u0635\u064a\u0644","isPartOf":{"@id":"https:\/\/www.frigo-parts.com\/#website"},"primaryImageOfPage":{"@id":"https:\/\/www.frigo-parts.com\/livraison\/#primaryimage"},"image":{"@id":"https:\/\/www.frigo-parts.com\/livraison\/#primaryimage"},"thumbnailUrl":"https:\/\/www.frigo-parts.com\/wp-content\/uploads\/2025\/11\/Fedex-logo-1.png","datePublished":"2025-11-25T11:50:53+00:00","dateModified":"2025-12-09T15:31:47+00:00","breadcrumb":{"@id":"https:\/\/www.frigo-parts.com\/livraison\/#breadcrumb"},"inLanguage":"ar","potentialAction":[{"@type":"ReadAction","target":["https:\/\/www.frigo-parts.com\/livraison\/"]}]},{"@type":"ImageObject","inLanguage":"ar","@id":"https:\/\/www.frigo-parts.com\/livraison\/#primaryimage","url":"https:\/\/www.frigo-parts.com\/wp-content\/uploads\/2025\/11\/Fedex-logo-1.png","contentUrl":"https:\/\/www.frigo-parts.com\/wp-content\/uploads\/2025\/11\/Fedex-logo-1.png"},{"@type":"BreadcrumbList","@id":"https:\/\/www.frigo-parts.com\/livraison\/#breadcrumb","itemListElement":[{"@type":"ListItem","position":1,"name":"Accueil","item":"https:\/\/www.frigo-parts.com\/"},{"@type":"ListItem","position":2,"name":"Livraison"}]},{"@type":"WebSite","@id":"https:\/\/www.frigo-parts.com\/#website","url":"https:\/\/www.frigo-parts.com\/","name":"\u0642\u0637\u0639 \u063a\u064a\u0627\u0631 \u0641\u0631\u064a\u062c\u0648","description":"","publisher":{"@id":"https:\/\/www.frigo-parts.com\/#organization"},"potentialAction":[{"@type":"SearchAction","target":{"@type":"EntryPoint","urlTemplate":"https:\/\/www.frigo-parts.com\/?s={search_term_string}"},"query-input":{"@type":"PropertyValueSpecification","valueRequired":true,"valueName":"search_term_string"}}],"inLanguage":"ar"},{"@type":"Organization","@id":"https:\/\/www.frigo-parts.com\/#organization","name":"\u0642\u0637\u0639 \u063a\u064a\u0627\u0631 \u0641\u0631\u064a\u062c\u0648","url":"https:\/\/www.frigo-parts.com\/","logo":{"@type":"ImageObject","inLanguage":"ar","@id":"https:\/\/www.frigo-parts.com\/#\/schema\/logo\/image\/","url":"https:\/\/www.frigo-parts.com\/wp-content\/uploads\/2025\/11\/cropped-logo-1652192732.jpg","contentUrl":"https:\/\/www.frigo-parts.com\/wp-content\/uploads\/2025\/11\/cropped-logo-1652192732.jpg","width":200,"height":64,"caption":"Frigo Parts"},"image":{"@id":"https:\/\/www.frigo-parts.com\/#\/schema\/logo\/image\/"}}]}},"_links":{"self":[{"href":"https:\/\/www.frigo-parts.com\/ar\/wp-json\/wp\/v2\/pages\/6011","targetHints":{"allow":["GET"]}}],"collection":[{"href":"https:\/\/www.frigo-parts.com\/ar\/wp-json\/wp\/v2\/pages"}],"about":[{"href":"https:\/\/www.frigo-parts.com\/ar\/wp-json\/wp\/v2\/types\/page"}],"author":[{"embeddable":true,"href":"https:\/\/www.frigo-parts.com\/ar\/wp-json\/wp\/v2\/users\/1"}],"replies":[{"embeddable":true,"href":"https:\/\/www.frigo-parts.com\/ar\/wp-json\/wp\/v2\/comments?post=6011"}],"version-history":[{"count":10,"href":"https:\/\/www.frigo-parts.com\/ar\/wp-json\/wp\/v2\/pages\/6011\/revisions"}],"predecessor-version":[{"id":6279,"href":"https:\/\/www.frigo-parts.com\/ar\/wp-json\/wp\/v2\/pages\/6011\/revisions\/6279"}],"wp:attachment":[{"href":"https:\/\/www.frigo-parts.com\/ar\/wp-json\/wp\/v2\/media?parent=6011"}],"curies":[{"name":"wp","href":"https:\/\/api.w.org\/{rel}","templated":true}]}}